{"id":15,"date":"2018-04-27T21:46:20","date_gmt":"2018-04-27T19:46:20","guid":{"rendered":"\/tg\/historie\/"},"modified":"2025-03-11T14:06:54","modified_gmt":"2025-03-11T13:06:54","slug":"historie","status":"publish","type":"page","link":"https:\/\/www.tiergehege-kaisergarten.de\/tg\/das-tiergehege\/historie\/","title":{"rendered":"Historie"},"content":{"rendered":"<p><span style=\"font-family: arial, helvetica, sans-serif;\"><strong>Die &#8222;Entstehung&#8220; des Tiergeheges<\/strong><\/span><\/p>\n<p><span style=\"font-family: arial, helvetica, sans-serif;\">Vorl\u00e4ufer des Tiergeheges, wie wir es heute kennen, ist ein kleiner botanischer Garten. Dieser entstand neben der ehemaligen Stadtg\u00e4rtnerei, wo heute der Betriebshof des Kaisergartens ist. In diesem botanischen Garten wurden au\u00dfer einheimischen Pflanzen, auch Bananen und Ananas in K\u00fcbeln gezeigt. 1938 \u00fcberlegte man sich, auch die einheimische Tierwelt vorzustellen und es wurde ein 5 Hektar gro\u00dfes Gel\u00e4nde als Tierpark eingez\u00e4unt.<\/span><\/p>\n<p><span style=\"font-family: arial, helvetica, sans-serif;\">Bei Bombenangriffen im Zweiten Weltkrieg wurde das Schloss Oberhausen schwer besch\u00e4digt. Auch der Kaisergarten und sein Tierpark wurden erheblich in Mitleidenschaft gezogen.<\/span><\/p>\n<p><span style=\"font-family: arial, helvetica, sans-serif;\">Wiederaufbau<\/span><\/p>\n<p><span style=\"font-family: arial, helvetica, sans-serif;\">Der Wiederaufbau des Kaisergartens begann 1950 mit einem Arbeitsesel. Sein Auslauf war das erste Gehege des neuen Tierparks.<\/span><\/p>\n<p><span style=\"font-family: arial, helvetica, sans-serif;\">Nach dem Krieg entwickelten sich das Gehege und sein Tierbestand unter dem Einfluss wechselnder Geschm\u00e4cker der jeweils Verantwortlichen und unter dem Einfluss vieler Zuf\u00e4lle &#8211; aber sie entwickelten sich ohne erkennbares Konzept. Papageien und Flamingos wurden hier \u00fcber die Jahre ebenso gehalten wie Kamele oder H\u00e4ngebauchschweine.<\/span><\/p>\n<p><span style=\"font-family: arial, helvetica, sans-serif;\">Das \u00e4nderte sich grundlegend in den 90er Jahren. Die Stadt \u00fcbergab die Verantwortung f\u00fcr das Gehege vom ehemaligen Gr\u00fcnfl\u00e4chenamt zun\u00e4chst an die Wirtschaftsbetriebe Oberhausen (WBO), im Jahr 2006 an die OGM Oberhausener Geb\u00e4udemananagement GmbH (OGM GmbH) und ab 2021 an die SBO Servicebetriebe Oberhausen.<\/span><\/p>\n<p><span style=\"font-family: arial, helvetica, sans-serif;\">Das Tiergehege wurde nicht l\u00e4nger als Gr\u00fcnanlage mit mehr oder weniger zuf\u00e4lligem zwei- und vierbeinigen Bewohnern betrachtet. Es erhielt ein eigenes zoologisches Profil mit qualifizierter Leitung und fachkundigem Personal.<\/span><\/p>\n<p><span style=\"font-family: arial, helvetica, sans-serif;\">Ganz bewusst hat sich das Tiergehege im Kaisergarten auf heimische Wild- und Haustiere spezialisiert und diese Schwerpunkte in den vergangenen Jahren erfolgreich weiterentwickelt. Gleichzeitig ist es damit zu seinen eigenen Wurzeln zur\u00fcckgekehrt. N\u00e4mlich zu der Pflege, Zucht und Vorstellung unserer heimischen Tiere.<\/span><\/p>\n","protected":false},"excerpt":{"rendered":"<p>I\u00dft der Papst katholisch?<\/p>\n <a class=\"more-link\" href=\"https:\/\/www.tiergehege-kaisergarten.de\/tg\/das-tiergehege\/historie\/\"><span class=\"more-msg\">Weiterlesen &rarr;<\/span><\/a>","protected":false},"author":2,"featured_media":2124,"parent":7,"menu_order":0,"comment_status":"closed","ping_status":"closed","template":"","meta":{"footnotes":""},"class_list":["post-15","page","type-page","status-publish","has-post-thumbnail","hentry"],"_links":{"self":[{"href":"https:\/\/www.tiergehege-kaisergarten.de\/tg\/wp-json\/wp\/v2\/pages\/15","targetHints":{"allow":["GET"]}}],"collection":[{"href":"https:\/\/www.tiergehege-kaisergarten.de\/tg\/wp-json\/wp\/v2\/pages"}],"about":[{"href":"https:\/\/www.tiergehege-kaisergarten.de\/tg\/wp-json\/wp\/v2\/types\/page"}],"author":[{"embeddable":true,"href":"https:\/\/www.tiergehege-kaisergarten.de\/tg\/wp-json\/wp\/v2\/users\/2"}],"replies":[{"embeddable":true,"href":"https:\/\/www.tiergehege-kaisergarten.de\/tg\/wp-json\/wp\/v2\/comments?post=15"}],"version-history":[{"count":8,"href":"https:\/\/www.tiergehege-kaisergarten.de\/tg\/wp-json\/wp\/v2\/pages\/15\/revisions"}],"predecessor-version":[{"id":8616,"href":"https:\/\/www.tiergehege-kaisergarten.de\/tg\/wp-json\/wp\/v2\/pages\/15\/revisions\/8616"}],"up":[{"embeddable":true,"href":"https:\/\/www.tiergehege-kaisergarten.de\/tg\/wp-json\/wp\/v2\/pages\/7"}],"wp:featuredmedia":[{"embeddable":true,"href":"https:\/\/www.tiergehege-kaisergarten.de\/tg\/wp-json\/wp\/v2\/media\/2124"}],"wp:attachment":[{"href":"https:\/\/www.tiergehege-kaisergarten.de\/tg\/wp-json\/wp\/v2\/media?parent=15"}],"curies":[{"name":"wp","href":"https:\/\/api.w.org\/{rel}","templated":true}]}}