{"id":143,"date":"2018-04-27T21:46:24","date_gmt":"2018-04-27T19:46:24","guid":{"rendered":"\/tg\/zwergmaus\/"},"modified":"2019-03-14T11:26:07","modified_gmt":"2019-03-14T10:26:07","slug":"zwergmaus","status":"publish","type":"page","link":"https:\/\/www.tiergehege-kaisergarten.de\/tg\/unsere-tiere\/nager\/zwergmaus\/","title":{"rendered":"Eurasische Zwergmaus"},"content":{"rendered":"<p><span style=\"font-family: arial, helvetica, sans-serif;\"><em><strong>Micromys minutus<\/strong><\/em><\/span><\/p>\n<p><span style=\"font-family: arial, helvetica, sans-serif;\"><a href=\"\/tg\/wp-content\/uploads\/sites\/3\/2017\/09\/nabit_karte_zwergmaus.png\"><img decoding=\"async\" class=\"alignright size-medium wp-image-3664\" src=\"\/tg\/wp-content\/uploads\/sites\/3\/2017\/09\/nabit_karte_zwergmaus-300x120.png\" alt=\"Verbreitungsgebiet der Zwergmaus\" width=\"300\" height=\"120\" srcset=\"https:\/\/www.tiergehege-kaisergarten.de\/tg\/wp-content\/uploads\/2017\/09\/nabit_karte_zwergmaus-300x120.png 300w, https:\/\/www.tiergehege-kaisergarten.de\/tg\/wp-content\/uploads\/2017\/09\/nabit_karte_zwergmaus-150x60.png 150w, https:\/\/www.tiergehege-kaisergarten.de\/tg\/wp-content\/uploads\/2017\/09\/nabit_karte_zwergmaus-768x307.png 768w, https:\/\/www.tiergehege-kaisergarten.de\/tg\/wp-content\/uploads\/2017\/09\/nabit_karte_zwergmaus-700x280.png 700w, https:\/\/www.tiergehege-kaisergarten.de\/tg\/wp-content\/uploads\/2017\/09\/nabit_karte_zwergmaus.png 2000w\" sizes=\"(max-width: 300px) 100vw, 300px\" \/><\/a>Die Zwergmaus ist neben der Waldbirkenmaus das kleinste Nagetier in Mitteleuropa. Die geschickten \u201eHalmkletterer\u201d bauen in Getreidefeldern oder R\u00f6hricht ihre kugeligen, weich gepolsterten Sommernester in 40 bis 80 cm H\u00f6he aus verflochtenen lebenden und abgestorbenen Halmen. Ihr geringes Gewicht und der biegsame Schwanz, der als St\u00fctze um Gr\u00e4ser geschlungen wird, helfen beim Klettern. Neben Schlafnestern werden Wurfnester angelegt, in denen das Weibchen bis zu dreimal im Jahr zwei bis sechs Junge geb\u00e4rt. Im Winter bauen Zwergm\u00e4use auch Bodennester auf dem Erdboden oder in Scheunen und in Getreidemieten. Sie sind meist d\u00e4mmerungs- und nachtaktiv.<\/span><\/p>\n","protected":false},"excerpt":{"rendered":"<p>I\u00dft der Papst katholisch?<\/p>\n <a class=\"more-link\" href=\"https:\/\/www.tiergehege-kaisergarten.de\/tg\/unsere-tiere\/nager\/zwergmaus\/\"><span class=\"more-msg\">Weiterlesen &rarr;<\/span><\/a>","protected":false},"author":2,"featured_media":5777,"parent":51,"menu_order":0,"comment_status":"closed","ping_status":"closed","template":"","meta":{"footnotes":""},"class_list":["post-143","page","type-page","status-publish","has-post-thumbnail","hentry"],"_links":{"self":[{"href":"https:\/\/www.tiergehege-kaisergarten.de\/tg\/wp-json\/wp\/v2\/pages\/143","targetHints":{"allow":["GET"]}}],"collection":[{"href":"https:\/\/www.tiergehege-kaisergarten.de\/tg\/wp-json\/wp\/v2\/pages"}],"about":[{"href":"https:\/\/www.tiergehege-kaisergarten.de\/tg\/wp-json\/wp\/v2\/types\/page"}],"author":[{"embeddable":true,"href":"https:\/\/www.tiergehege-kaisergarten.de\/tg\/wp-json\/wp\/v2\/users\/2"}],"replies":[{"embeddable":true,"href":"https:\/\/www.tiergehege-kaisergarten.de\/tg\/wp-json\/wp\/v2\/comments?post=143"}],"version-history":[{"count":5,"href":"https:\/\/www.tiergehege-kaisergarten.de\/tg\/wp-json\/wp\/v2\/pages\/143\/revisions"}],"predecessor-version":[{"id":5779,"href":"https:\/\/www.tiergehege-kaisergarten.de\/tg\/wp-json\/wp\/v2\/pages\/143\/revisions\/5779"}],"up":[{"embeddable":true,"href":"https:\/\/www.tiergehege-kaisergarten.de\/tg\/wp-json\/wp\/v2\/pages\/51"}],"wp:featuredmedia":[{"embeddable":true,"href":"https:\/\/www.tiergehege-kaisergarten.de\/tg\/wp-json\/wp\/v2\/media\/5777"}],"wp:attachment":[{"href":"https:\/\/www.tiergehege-kaisergarten.de\/tg\/wp-json\/wp\/v2\/media?parent=143"}],"curies":[{"name":"wp","href":"https:\/\/api.w.org\/{rel}","templated":true}]}}