{"id":135,"date":"2018-04-27T21:46:24","date_gmt":"2018-04-27T19:46:24","guid":{"rendered":"\/tg\/roetelmaus\/"},"modified":"2019-03-14T11:27:35","modified_gmt":"2019-03-14T10:27:35","slug":"roetelmaus","status":"publish","type":"page","link":"https:\/\/www.tiergehege-kaisergarten.de\/tg\/unsere-tiere\/nager\/roetelmaus\/","title":{"rendered":"R\u00f6telmaus"},"content":{"rendered":"<p><span style=\"font-family: arial, helvetica, sans-serif;\"><em><strong>Myodes glareolus<\/strong><\/em><\/span><\/p>\n<p><span style=\"font-family: arial, helvetica, sans-serif;\"><a href=\"\/tg\/wp-content\/uploads\/sites\/3\/2017\/09\/nabit_karte_roetelmaus.png\"><img decoding=\"async\" class=\"alignright size-medium wp-image-3662\" src=\"\/tg\/wp-content\/uploads\/sites\/3\/2017\/09\/nabit_karte_roetelmaus-300x120.png\" alt=\"Verbreitungsgebiet der R\u00f6telmaus\" width=\"300\" height=\"120\" srcset=\"https:\/\/www.tiergehege-kaisergarten.de\/tg\/wp-content\/uploads\/2017\/09\/nabit_karte_roetelmaus-300x120.png 300w, https:\/\/www.tiergehege-kaisergarten.de\/tg\/wp-content\/uploads\/2017\/09\/nabit_karte_roetelmaus-150x60.png 150w, https:\/\/www.tiergehege-kaisergarten.de\/tg\/wp-content\/uploads\/2017\/09\/nabit_karte_roetelmaus-768x307.png 768w, https:\/\/www.tiergehege-kaisergarten.de\/tg\/wp-content\/uploads\/2017\/09\/nabit_karte_roetelmaus-700x280.png 700w, https:\/\/www.tiergehege-kaisergarten.de\/tg\/wp-content\/uploads\/2017\/09\/nabit_karte_roetelmaus.png 1700w\" sizes=\"(max-width: 300px) 100vw, 300px\" \/><\/a>R\u00f6telm\u00e4use geh\u00f6ren zu den h\u00e4ufigsten S\u00e4ugetieren Europas. Sie sind sehr flexibel und schlafen oder sind aktiv je nach Umweltbedingungen: Wenn sie sich ihren Lebensraum mit vielen ihrer nachtaktiven Konkurrenten, den Gelbhalsm\u00e4usen, teilen m\u00fcssen, sind sie am Tag aktiv. Haben sie viele tagaktive Feinde zu bef\u00fcrchten, ruhen sie tags\u00fcber im meist unterirdisch gelegenen Nest. F\u00fcr viele Tiere wie Greifv\u00f6gel, Eulen und F\u00fcchse sind R\u00f6telm\u00e4use sehr wichtige Nahrungsquellen. Das Nest ist auch Fressplatz, Vorratskammer und Kinderstube. Dazu geh\u00f6rt ein weitl\u00e4ufiges G\u00e4ngesystem dicht unter der Laubschicht. R\u00f6telm\u00e4use k\u00f6nnen sich bei Gefahr blitzschnell in lockere Erde graben oder in die H\u00f6he klettern.<\/span><\/p>\n","protected":false},"excerpt":{"rendered":"<p>I\u00dft der Papst katholisch?<\/p>\n <a class=\"more-link\" href=\"https:\/\/www.tiergehege-kaisergarten.de\/tg\/unsere-tiere\/nager\/roetelmaus\/\"><span class=\"more-msg\">Weiterlesen &rarr;<\/span><\/a>","protected":false},"author":2,"featured_media":6003,"parent":51,"menu_order":0,"comment_status":"closed","ping_status":"closed","template":"","meta":{"footnotes":""},"class_list":["post-135","page","type-page","status-publish","has-post-thumbnail","hentry"],"_links":{"self":[{"href":"https:\/\/www.tiergehege-kaisergarten.de\/tg\/wp-json\/wp\/v2\/pages\/135","targetHints":{"allow":["GET"]}}],"collection":[{"href":"https:\/\/www.tiergehege-kaisergarten.de\/tg\/wp-json\/wp\/v2\/pages"}],"about":[{"href":"https:\/\/www.tiergehege-kaisergarten.de\/tg\/wp-json\/wp\/v2\/types\/page"}],"author":[{"embeddable":true,"href":"https:\/\/www.tiergehege-kaisergarten.de\/tg\/wp-json\/wp\/v2\/users\/2"}],"replies":[{"embeddable":true,"href":"https:\/\/www.tiergehege-kaisergarten.de\/tg\/wp-json\/wp\/v2\/comments?post=135"}],"version-history":[{"count":5,"href":"https:\/\/www.tiergehege-kaisergarten.de\/tg\/wp-json\/wp\/v2\/pages\/135\/revisions"}],"predecessor-version":[{"id":6004,"href":"https:\/\/www.tiergehege-kaisergarten.de\/tg\/wp-json\/wp\/v2\/pages\/135\/revisions\/6004"}],"up":[{"embeddable":true,"href":"https:\/\/www.tiergehege-kaisergarten.de\/tg\/wp-json\/wp\/v2\/pages\/51"}],"wp:featuredmedia":[{"embeddable":true,"href":"https:\/\/www.tiergehege-kaisergarten.de\/tg\/wp-json\/wp\/v2\/media\/6003"}],"wp:attachment":[{"href":"https:\/\/www.tiergehege-kaisergarten.de\/tg\/wp-json\/wp\/v2\/media?parent=135"}],"curies":[{"name":"wp","href":"https:\/\/api.w.org\/{rel}","templated":true}]}}