{"id":13,"date":"2018-04-27T21:46:20","date_gmt":"2018-04-27T19:46:20","guid":{"rendered":"\/tg\/shop\/"},"modified":"2024-04-02T10:23:31","modified_gmt":"2024-04-02T08:23:31","slug":"shop","status":"publish","type":"page","link":"https:\/\/www.tiergehege-kaisergarten.de\/tg\/das-tiergehege\/shop\/","title":{"rendered":"Shop"},"content":{"rendered":"<p><img fetchpriority=\"high\" decoding=\"async\" class=\"wp-image-7564 size-medium alignright\" src=\"\/tg\/wp-content\/uploads\/2021\/04\/Honigprodukte-230x300.jpg\" alt=\"\" width=\"230\" height=\"300\" srcset=\"https:\/\/www.tiergehege-kaisergarten.de\/tg\/wp-content\/uploads\/2021\/04\/Honigprodukte-230x300.jpg 230w, https:\/\/www.tiergehege-kaisergarten.de\/tg\/wp-content\/uploads\/2021\/04\/Honigprodukte-536x700.jpg 536w, https:\/\/www.tiergehege-kaisergarten.de\/tg\/wp-content\/uploads\/2021\/04\/Honigprodukte-115x150.jpg 115w, https:\/\/www.tiergehege-kaisergarten.de\/tg\/wp-content\/uploads\/2021\/04\/Honigprodukte-768x1004.jpg 768w, https:\/\/www.tiergehege-kaisergarten.de\/tg\/wp-content\/uploads\/2021\/04\/Honigprodukte-1175x1536.jpg 1175w, https:\/\/www.tiergehege-kaisergarten.de\/tg\/wp-content\/uploads\/2021\/04\/Honigprodukte-1567x2048.jpg 1567w, https:\/\/www.tiergehege-kaisergarten.de\/tg\/wp-content\/uploads\/2021\/04\/Honigprodukte-scaled.jpg 1959w\" sizes=\"(max-width: 230px) 100vw, 230px\" \/><\/p>\n<p>&nbsp;<\/p>\n<h3>Eine kleine Shopauswahl<\/h3>\n<p>Da schlagen kleine und gro\u00dfe Herzen h\u00f6her: Egal ob Stofftier, Ansichtskarte oder Schl\u00fcsselanh\u00e4nger. Sie k\u00f6nnen sich aus unserem Shop eine Erinnerung aus dem Tiergehege im Kaisergarten mit nach Hause nehmen.<\/p>\n<p>Auch Honig unserer Bienen im Tiergehege und weitere Honigprodukte wie Propolis, Bonbons oder Cremes k\u00f6nnen Sie hier erwerben!<\/p>\n<p>Kommen Sie doch einfach vorbei. Der Shop hat an den Wochenenden und Feiertagen ge\u00f6ffnet.<\/p>\n","protected":false},"excerpt":{"rendered":"<p>I\u00dft der Papst katholisch?<\/p>\n <a class=\"more-link\" href=\"https:\/\/www.tiergehege-kaisergarten.de\/tg\/das-tiergehege\/shop\/\"><span class=\"more-msg\">Weiterlesen &rarr;<\/span><\/a>","protected":false},"author":2,"featured_media":2200,"parent":7,"menu_order":0,"comment_status":"closed","ping_status":"closed","template":"","meta":{"footnotes":""},"class_list":["post-13","page","type-page","status-publish","has-post-thumbnail","hentry"],"_links":{"self":[{"href":"https:\/\/www.tiergehege-kaisergarten.de\/tg\/wp-json\/wp\/v2\/pages\/13","targetHints":{"allow":["GET"]}}],"collection":[{"href":"https:\/\/www.tiergehege-kaisergarten.de\/tg\/wp-json\/wp\/v2\/pages"}],"about":[{"href":"https:\/\/www.tiergehege-kaisergarten.de\/tg\/wp-json\/wp\/v2\/types\/page"}],"author":[{"embeddable":true,"href":"https:\/\/www.tiergehege-kaisergarten.de\/tg\/wp-json\/wp\/v2\/users\/2"}],"replies":[{"embeddable":true,"href":"https:\/\/www.tiergehege-kaisergarten.de\/tg\/wp-json\/wp\/v2\/comments?post=13"}],"version-history":[{"count":15,"href":"https:\/\/www.tiergehege-kaisergarten.de\/tg\/wp-json\/wp\/v2\/pages\/13\/revisions"}],"predecessor-version":[{"id":8383,"href":"https:\/\/www.tiergehege-kaisergarten.de\/tg\/wp-json\/wp\/v2\/pages\/13\/revisions\/8383"}],"up":[{"embeddable":true,"href":"https:\/\/www.tiergehege-kaisergarten.de\/tg\/wp-json\/wp\/v2\/pages\/7"}],"wp:featuredmedia":[{"embeddable":true,"href":"https:\/\/www.tiergehege-kaisergarten.de\/tg\/wp-json\/wp\/v2\/media\/2200"}],"wp:attachment":[{"href":"https:\/\/www.tiergehege-kaisergarten.de\/tg\/wp-json\/wp\/v2\/media?parent=13"}],"curies":[{"name":"wp","href":"https:\/\/api.w.org\/{rel}","templated":true}]}}