{"id":126,"date":"2018-04-27T21:46:24","date_gmt":"2018-04-27T19:46:24","guid":{"rendered":"\/tg\/picknickhuette-mieten\/"},"modified":"2026-01-06T10:45:53","modified_gmt":"2026-01-06T09:45:53","slug":"picknickhuette-mieten","status":"publish","type":"page","link":"https:\/\/www.tiergehege-kaisergarten.de\/tg\/naturerlebnisschule\/picknickhuette-mieten\/","title":{"rendered":"Picknickh\u00fctte &#8222;Saustall&#8220; mieten"},"content":{"rendered":"<p><span style=\"font-family: arial, helvetica, sans-serif;\">Unsere Picknickh\u00fctte steht in der N\u00e4he der Wollschweine und hei\u00dft daher &#8222;Saustall&#8220;. In unserem &#8222;Saustall&#8220; haben Sie die M\u00f6glichkeit, gesch\u00fctzt vor Wind und Wetter Ihre Party zu feiern.<\/span><\/p>\n<p><span style=\"font-family: arial, helvetica, sans-serif;\">Die H\u00fctte ist mit rustikalen Sitzm\u00f6glichkeiten f\u00fcr <span style=\"font-size: 14pt;\"><strong>8-10 Personen<\/strong><\/span>, einem kleinen Thekenbereich f\u00fcr Ihr Picknick, einer Mikrowelle und einem Stromanschluss ausgestattet. Im Winter ist der Raum beheizt. Anschlie\u00dfend wird er von Ihnen besenrein \u00fcbergeben.<\/span><\/p>\n<p><span style=\"font-family: arial, helvetica, sans-serif;\">Es ist kein Wasseranschluss vorhanden! Toiletten sind am Imbiss des Schloss Oberhausen oder am gro\u00dfen Teich nutzbar.<\/span><\/p>\n<p><span style=\"font-family: arial, helvetica, sans-serif;\">Die Kosten im Zusammenhang mit der Buchung eines Kindergeburtstages betragen <strong>15 Euro<\/strong> f\u00fcr eine Stunde <strong>inklusive Schm\u00fcckzeit und Aufr\u00e4umen<\/strong>.<\/span><\/p>\n<p><span style=\"font-family: arial, helvetica, sans-serif;\">Wenn Sie unabh\u00e4ngig von einer Geburtstagsbuchung bei uns mieten m\u00f6chten, betr\u00e4gt der Preis <strong>25 Euro<\/strong> f\u00fcr eine Stunde.<\/span><\/p>\n<p><span style=\"font-family: arial, helvetica, sans-serif;\"><span style=\"color: #008000;\"><strong><a style=\"color: #008000;\" href=\"\/tg\/anmeldeformular-picknickhuette\/\">Hier k\u00f6nnen Sie online anfragen<\/a><\/strong>,<\/span> ob die H\u00fctte zum gew\u00fcnschten Termin noch frei ist!<\/span><\/p>\n","protected":false},"excerpt":{"rendered":"<p>I\u00dft der Papst katholisch?<\/p>\n <a class=\"more-link\" href=\"https:\/\/www.tiergehege-kaisergarten.de\/tg\/naturerlebnisschule\/picknickhuette-mieten\/\"><span class=\"more-msg\">Weiterlesen &rarr;<\/span><\/a>","protected":false},"author":2,"featured_media":8233,"parent":9,"menu_order":0,"comment_status":"closed","ping_status":"closed","template":"","meta":{"footnotes":""},"class_list":["post-126","page","type-page","status-publish","has-post-thumbnail","hentry"],"_links":{"self":[{"href":"https:\/\/www.tiergehege-kaisergarten.de\/tg\/wp-json\/wp\/v2\/pages\/126","targetHints":{"allow":["GET"]}}],"collection":[{"href":"https:\/\/www.tiergehege-kaisergarten.de\/tg\/wp-json\/wp\/v2\/pages"}],"about":[{"href":"https:\/\/www.tiergehege-kaisergarten.de\/tg\/wp-json\/wp\/v2\/types\/page"}],"author":[{"embeddable":true,"href":"https:\/\/www.tiergehege-kaisergarten.de\/tg\/wp-json\/wp\/v2\/users\/2"}],"replies":[{"embeddable":true,"href":"https:\/\/www.tiergehege-kaisergarten.de\/tg\/wp-json\/wp\/v2\/comments?post=126"}],"version-history":[{"count":16,"href":"https:\/\/www.tiergehege-kaisergarten.de\/tg\/wp-json\/wp\/v2\/pages\/126\/revisions"}],"predecessor-version":[{"id":6106,"href":"https:\/\/www.tiergehege-kaisergarten.de\/tg\/wp-json\/wp\/v2\/pages\/126\/revisions\/6106"}],"up":[{"embeddable":true,"href":"https:\/\/www.tiergehege-kaisergarten.de\/tg\/wp-json\/wp\/v2\/pages\/9"}],"wp:featuredmedia":[{"embeddable":true,"href":"https:\/\/www.tiergehege-kaisergarten.de\/tg\/wp-json\/wp\/v2\/media\/8233"}],"wp:attachment":[{"href":"https:\/\/www.tiergehege-kaisergarten.de\/tg\/wp-json\/wp\/v2\/media?parent=126"}],"curies":[{"name":"wp","href":"https:\/\/api.w.org\/{rel}","templated":true}]}}