{"id":120,"date":"2018-04-27T21:46:24","date_gmt":"2018-04-27T19:46:24","guid":{"rendered":"\/tg\/fragen-und-informationen\/"},"modified":"2025-02-20T09:36:17","modified_gmt":"2025-02-20T08:36:17","slug":"fragen-und-informationen","status":"publish","type":"page","link":"https:\/\/www.tiergehege-kaisergarten.de\/tg\/naturerlebnisschule\/kontaktnes\/fragen-und-informationen\/","title":{"rendered":"Fragen und Informationen"},"content":{"rendered":"<p><span style=\"font-family: arial, helvetica, sans-serif;\"><strong>Liebe Eltern<\/strong>, Geburtstag hat Ihr Kind nur einmal im Jahr. Eine gelungene Party mit Freunden im Tiergehege feiern, dass ist das Ziel unserer Bem\u00fchungen.<\/span><\/p>\n<h3><span style=\"font-family: arial, helvetica, sans-serif;\">Hier haben wir h\u00e4ufig gestellte Fragen aufgef\u00fchrt:<\/span><\/h3>\n<p>&nbsp;<\/p>\n<p><span style=\"font-family: arial, helvetica, sans-serif;\"><strong>Wohin \u00fcberweise ich den Betrag?<\/strong><\/span><\/p>\n<p>Nach Ihrer Buchung eines Kindergeburtstags erhalten Sie von uns eine Best\u00e4tigungs E-Mail mit allen genauen Zahlungsinformationen.<\/p>\n<p><span style=\"font-family: arial, helvetica, sans-serif;\"><strong>Findet der Geburtstag auch bei Regen statt?<\/strong><\/span><\/p>\n<p><span style=\"font-family: arial, helvetica, sans-serif;\">Ja, wir sagen von unserer Seite keine Veranstaltung ab &#8211; einzige Ausnahme Sturmwarnungen, bei denen das Gehege geschlossen bleibt. <\/span><\/p>\n<p><span style=\"font-family: arial, helvetica, sans-serif;\"><strong>Wie kann ich meine Veranstaltung absagen?<\/strong><\/span><\/p>\n<p><span style=\"font-family: arial, helvetica, sans-serif;\">Sie haben die M\u00f6glichkeit im B\u00fcro anzurufen und mindestens 48 Stunden vor Ihrer Feier abzusagen. Wir erstatten dann das Geld zur\u00fcck oder suchen mit Ihnen einen Ersatztermin. <\/span><span style=\"font-family: arial, helvetica, sans-serif;\">Die Telefonnummer lautet 0208\/3770612 und B\u00fcrozeiten sind montags bis donnerstags von 10 &#8211; 12:00 Uhr. Sie k\u00f6nnen uns auch eine E-Mail schicken unter &#x65;&#x76;&#x65;&#110;&#116;-t&#x69;&#x65;&#x72;&#103;&#101;he&#x67;&#x65;&#x40;&#115;&#98;o&#46;&#x6f;&#x62;&#x65;&#114;&#104;au&#x73;&#x65;&#x6e;&#46;&#100;e . <\/span><\/p>\n<p><span style=\"font-family: arial, helvetica, sans-serif;\">Falls Sie die Veranstaltung gar nicht oder zu sp\u00e4t absagen, behalten wir 20\u20ac ein.<\/span><\/p>\n<p><span style=\"font-family: arial, helvetica, sans-serif;\"><strong>Muss ein Elternteil bei der Veranstaltung mitlaufen?<\/strong><\/span><\/p>\n<p><span style=\"font-family: arial, helvetica, sans-serif;\">Ja, Sie haben die Aufsichtspflicht f\u00fcr die Gruppe, deswegen muss mindestens ein Elternteil dabei sein.<\/span><\/p>\n<p><span style=\"font-family: arial, helvetica, sans-serif;\"><strong>Kann ich die NaturErlebnisSchule mieten?<\/strong><\/span><\/p>\n<p><span style=\"font-family: arial, helvetica, sans-serif;\">Diese M\u00f6glichkeit besteht leider nicht. Es steht aber unser &#8222;Saustall&#8220; als kleine Picknickh\u00fctte gegen\u00fcber dem Bauernhof zur Vermietung. Die H\u00fctte ist mit rustikalen Sitzm\u00f6glichkeiten f\u00fcr 8-10 Personen geeignet. Im Winter ist der Raum beheizt. Nutzen Sie zur Buchung das Anmeldeformular oder \u00e4u\u00dfern Sie den Wunsch bei der Anmeldung f\u00fcr den Geburtstag.<\/span><\/p>\n<p><span style=\"font-family: arial, helvetica, sans-serif;\"><strong>Wozu gibt es die Altersbeschr\u00e4nkungen?<\/strong><\/span><\/p>\n<p><span style=\"font-family: arial, helvetica, sans-serif;\">Wir haben unsere Geburtstagsveranstaltungen liebevoll geplant und f\u00fchren diese seit Jahren erfolgreich durch. Wir wissen genau, wann welches Kind mit den jeweiligen Tieren Spa\u00df hat und wir f\u00fcr die Sicherheit garantieren k\u00f6nnen. Deswegen m\u00f6chten wir Sie bitten, unsere vorgegebenen Altersbeschr\u00e4nkungen zu respektieren.<\/span><\/p>\n<p><span style=\"font-family: arial, helvetica, sans-serif;\"><a href=\"\/tg\/anmeldeformular\/\"><strong><span style=\"color: #99cc00;\">Wir freuen uns auf Ihre Anmeldung<\/span><\/strong><\/a><strong><span style=\"color: #99cc00;\">.<\/span><\/strong><\/span><\/p>\n","protected":false},"excerpt":{"rendered":"<p>I\u00dft der Papst katholisch?<\/p>\n <a class=\"more-link\" href=\"https:\/\/www.tiergehege-kaisergarten.de\/tg\/naturerlebnisschule\/kontaktnes\/fragen-und-informationen\/\"><span class=\"more-msg\">Weiterlesen &rarr;<\/span><\/a>","protected":false},"author":2,"featured_media":420,"parent":23,"menu_order":0,"comment_status":"closed","ping_status":"closed","template":"","meta":{"footnotes":""},"class_list":["post-120","page","type-page","status-publish","has-post-thumbnail","hentry"],"_links":{"self":[{"href":"https:\/\/www.tiergehege-kaisergarten.de\/tg\/wp-json\/wp\/v2\/pages\/120","targetHints":{"allow":["GET"]}}],"collection":[{"href":"https:\/\/www.tiergehege-kaisergarten.de\/tg\/wp-json\/wp\/v2\/pages"}],"about":[{"href":"https:\/\/www.tiergehege-kaisergarten.de\/tg\/wp-json\/wp\/v2\/types\/page"}],"author":[{"embeddable":true,"href":"https:\/\/www.tiergehege-kaisergarten.de\/tg\/wp-json\/wp\/v2\/users\/2"}],"replies":[{"embeddable":true,"href":"https:\/\/www.tiergehege-kaisergarten.de\/tg\/wp-json\/wp\/v2\/comments?post=120"}],"version-history":[{"count":9,"href":"https:\/\/www.tiergehege-kaisergarten.de\/tg\/wp-json\/wp\/v2\/pages\/120\/revisions"}],"predecessor-version":[{"id":6104,"href":"https:\/\/www.tiergehege-kaisergarten.de\/tg\/wp-json\/wp\/v2\/pages\/120\/revisions\/6104"}],"up":[{"embeddable":true,"href":"https:\/\/www.tiergehege-kaisergarten.de\/tg\/wp-json\/wp\/v2\/pages\/23"}],"wp:featuredmedia":[{"embeddable":true,"href":"https:\/\/www.tiergehege-kaisergarten.de\/tg\/wp-json\/wp\/v2\/media\/420"}],"wp:attachment":[{"href":"https:\/\/www.tiergehege-kaisergarten.de\/tg\/wp-json\/wp\/v2\/media?parent=120"}],"curies":[{"name":"wp","href":"https:\/\/api.w.org\/{rel}","templated":true}]}}