{"id":118,"date":"2018-04-27T21:46:24","date_gmt":"2018-04-27T19:46:24","guid":{"rendered":"\/tg\/pfau\/"},"modified":"2019-01-03T11:05:48","modified_gmt":"2019-01-03T10:05:48","slug":"pfau","status":"publish","type":"page","link":"https:\/\/www.tiergehege-kaisergarten.de\/tg\/unsere-tiere\/voegel\/pfau\/","title":{"rendered":"Blauer Pfau"},"content":{"rendered":"<p><em><strong>Pavo cristatus<\/strong><\/em><\/p>\n<p>Die heute weltweit als Zierv\u00f6gel eingeb\u00fcrgerten Pfauen wurden von den Hindus schon lange als heilige V\u00f6gel verehrt und 1963 zum Nationalvogel Indiens erkl\u00e4rt. In vielen Gebieten d\u00fcrfen sie daher nicht gejagt werden und die Ausfuhr von Pfauen-federn, einst wichtiges Exportgut, wurde verboten. Das auff\u00e4lligste Merkmal des m\u00e4nnlichen Pfaus, die aus 150 Federn bestehende Schleppe, wird bei der ausgiebigen Balz wirkungsvoll eingesetzt. Mit dem R\u00fccken zur Henne gerichtet, l\u00e4sst der Hahn die aufgestellten Federn rasselnd erzittern, macht pl\u00f6tzlich eine Wendung und l\u00e4uft auf die Henne zu. Zur Freude der indischen Bev\u00f6lkerung wagen sich Pfauen an junge Kobras heran und begrenzen so deren Bestand.<\/p>\n","protected":false},"excerpt":{"rendered":"<p>I\u00dft der Papst katholisch?<\/p>\n <a class=\"more-link\" href=\"https:\/\/www.tiergehege-kaisergarten.de\/tg\/unsere-tiere\/voegel\/pfau\/\"><span class=\"more-msg\">Weiterlesen &rarr;<\/span><\/a>","protected":false},"author":2,"featured_media":2136,"parent":52,"menu_order":0,"comment_status":"closed","ping_status":"closed","template":"","meta":{"footnotes":""},"class_list":["post-118","page","type-page","status-publish","has-post-thumbnail","hentry"],"_links":{"self":[{"href":"https:\/\/www.tiergehege-kaisergarten.de\/tg\/wp-json\/wp\/v2\/pages\/118","targetHints":{"allow":["GET"]}}],"collection":[{"href":"https:\/\/www.tiergehege-kaisergarten.de\/tg\/wp-json\/wp\/v2\/pages"}],"about":[{"href":"https:\/\/www.tiergehege-kaisergarten.de\/tg\/wp-json\/wp\/v2\/types\/page"}],"author":[{"embeddable":true,"href":"https:\/\/www.tiergehege-kaisergarten.de\/tg\/wp-json\/wp\/v2\/users\/2"}],"replies":[{"embeddable":true,"href":"https:\/\/www.tiergehege-kaisergarten.de\/tg\/wp-json\/wp\/v2\/comments?post=118"}],"version-history":[{"count":4,"href":"https:\/\/www.tiergehege-kaisergarten.de\/tg\/wp-json\/wp\/v2\/pages\/118\/revisions"}],"predecessor-version":[{"id":6030,"href":"https:\/\/www.tiergehege-kaisergarten.de\/tg\/wp-json\/wp\/v2\/pages\/118\/revisions\/6030"}],"up":[{"embeddable":true,"href":"https:\/\/www.tiergehege-kaisergarten.de\/tg\/wp-json\/wp\/v2\/pages\/52"}],"wp:featuredmedia":[{"embeddable":true,"href":"https:\/\/www.tiergehege-kaisergarten.de\/tg\/wp-json\/wp\/v2\/media\/2136"}],"wp:attachment":[{"href":"https:\/\/www.tiergehege-kaisergarten.de\/tg\/wp-json\/wp\/v2\/media?parent=118"}],"curies":[{"name":"wp","href":"https:\/\/api.w.org\/{rel}","templated":true}]}}