{"id":114,"date":"2018-04-27T21:46:23","date_gmt":"2018-04-27T19:46:23","guid":{"rendered":"\/tg\/soayschaf\/"},"modified":"2022-11-15T09:00:28","modified_gmt":"2022-11-15T08:00:28","slug":"soayschaf","status":"publish","type":"page","link":"https:\/\/www.tiergehege-kaisergarten.de\/tg\/unsere-tiere\/schafe-und-ziegen\/soayschaf\/","title":{"rendered":"Soayschaf"},"content":{"rendered":"<p><strong>Ovis orientails f. aries<\/strong><\/p>\n<p><a href=\"\/tg\/wp-content\/uploads\/sites\/3\/2014\/01\/nabit_karte_soayschaf.jpg\"><img decoding=\"async\" class=\"alignright size-medium wp-image-1524\" src=\"\/tg\/wp-content\/uploads\/sites\/3\/2014\/01\/nabit_karte_soayschaf-300x120.jpg\" alt=\"Verbreitungsgebiet des Soayschafes\" width=\"300\" height=\"120\" srcset=\"https:\/\/www.tiergehege-kaisergarten.de\/tg\/wp-content\/uploads\/2014\/01\/nabit_karte_soayschaf-300x120.jpg 300w, https:\/\/www.tiergehege-kaisergarten.de\/tg\/wp-content\/uploads\/2014\/01\/nabit_karte_soayschaf-150x60.jpg 150w, https:\/\/www.tiergehege-kaisergarten.de\/tg\/wp-content\/uploads\/2014\/01\/nabit_karte_soayschaf-768x307.jpg 768w, https:\/\/www.tiergehege-kaisergarten.de\/tg\/wp-content\/uploads\/2014\/01\/nabit_karte_soayschaf-700x280.jpg 700w, https:\/\/www.tiergehege-kaisergarten.de\/tg\/wp-content\/uploads\/2014\/01\/nabit_karte_soayschaf.jpg 800w\" sizes=\"(max-width: 300px) 100vw, 300px\" \/><\/a>Das Soay-Schaf ist vermutlich die \u00e4lteste, noch lebende Schafrasse der Welt. Es entspricht im Typ den Hausschafen der Bronzezeit. Es w\u00e4re l\u00e4ngst von hochgez\u00fcchteten Rassen, die bereits die R\u00f6mer im ersten Jt. n. Chr. nach Britannien einf\u00fchrten, verdr\u00e4ngt worden, wenn nicht schon damals Herden verwildert auf den entlegenen Hebrideninseln Soay und Hirta gelebt h\u00e4tten. Sie kamen nie in Kontakt mit anderen Schafen oder wurden durch Zucht ver\u00e4ndert; so behielten sie ihre urspr\u00fcnglichen Merkmale wie Wildfarbe, Wetterh\u00e4rte und Unabh\u00e4ngigkeit vom Menschen. Im Juni wechseln sie ihr Fell, sie m\u00fcssen nicht geschoren werden. Ihre grobe Wolle gewinnt man, indem man sie &#8222;pfl\u00fcckt&#8220;. Soay-Schafe sind gute Landschaftspfleger.<\/p>\n<p>&nbsp;<\/p>\n<p>M\u00f6chten Sie im <a href=\"https:\/\/www.zootier-lexikon.org\/index.php?option=com_k2&amp;view=item&amp;id=7957:hausschaf&amp;Itemid=436#soay\">Zootierlexikon<\/a> mehr erfahren?<\/p>\n","protected":false},"excerpt":{"rendered":"<p>I\u00dft der Papst katholisch?<\/p>\n <a class=\"more-link\" href=\"https:\/\/www.tiergehege-kaisergarten.de\/tg\/unsere-tiere\/schafe-und-ziegen\/soayschaf\/\"><span class=\"more-msg\">Weiterlesen &rarr;<\/span><\/a>","protected":false},"author":2,"featured_media":476,"parent":20,"menu_order":0,"comment_status":"closed","ping_status":"closed","template":"","meta":{"footnotes":""},"class_list":["post-114","page","type-page","status-publish","has-post-thumbnail","hentry"],"_links":{"self":[{"href":"https:\/\/www.tiergehege-kaisergarten.de\/tg\/wp-json\/wp\/v2\/pages\/114","targetHints":{"allow":["GET"]}}],"collection":[{"href":"https:\/\/www.tiergehege-kaisergarten.de\/tg\/wp-json\/wp\/v2\/pages"}],"about":[{"href":"https:\/\/www.tiergehege-kaisergarten.de\/tg\/wp-json\/wp\/v2\/types\/page"}],"author":[{"embeddable":true,"href":"https:\/\/www.tiergehege-kaisergarten.de\/tg\/wp-json\/wp\/v2\/users\/2"}],"replies":[{"embeddable":true,"href":"https:\/\/www.tiergehege-kaisergarten.de\/tg\/wp-json\/wp\/v2\/comments?post=114"}],"version-history":[{"count":5,"href":"https:\/\/www.tiergehege-kaisergarten.de\/tg\/wp-json\/wp\/v2\/pages\/114\/revisions"}],"predecessor-version":[{"id":8046,"href":"https:\/\/www.tiergehege-kaisergarten.de\/tg\/wp-json\/wp\/v2\/pages\/114\/revisions\/8046"}],"up":[{"embeddable":true,"href":"https:\/\/www.tiergehege-kaisergarten.de\/tg\/wp-json\/wp\/v2\/pages\/20"}],"wp:featuredmedia":[{"embeddable":true,"href":"https:\/\/www.tiergehege-kaisergarten.de\/tg\/wp-json\/wp\/v2\/media\/476"}],"wp:attachment":[{"href":"https:\/\/www.tiergehege-kaisergarten.de\/tg\/wp-json\/wp\/v2\/media?parent=114"}],"curies":[{"name":"wp","href":"https:\/\/api.w.org\/{rel}","templated":true}]}}