{"id":113,"date":"2018-04-27T21:46:23","date_gmt":"2018-04-27T19:46:23","guid":{"rendered":"\/tg\/das-leitbild\/"},"modified":"2023-04-12T10:57:35","modified_gmt":"2023-04-12T08:57:35","slug":"das-leitbild","status":"publish","type":"page","link":"https:\/\/www.tiergehege-kaisergarten.de\/tg\/das-tiergehege\/das-leitbild\/","title":{"rendered":"Das Leitbild"},"content":{"rendered":"<h3><span style=\"font-family: arial, helvetica, sans-serif;\">&#8222;Ich sch\u00fctze, was ich liebe&#8220;<\/span><\/h3>\n<p><span style=\"font-family: arial, helvetica, sans-serif;\">Das Tiergehege im Kaisergarten ist eine zoologische Einrichtung, die nicht nur den rechtlichen Anspruch erf\u00fcllt, die Kernaufgaben zum Naturschutz, zur Forschung und Bildung zu leisten. Wir tragen auch zur Erholung unserer Besucherinnen und Besucher bei. Im Ruhrgebiet leben rund 4,5 Millionen Menschen, denen wir die Natur &#8222;vor ihrer T\u00fcr&#8220; mit den hier lebenden Wildtieren und von den Menschen gehaltenen Haustieren, nahe bringen m\u00f6chten. Damit schaffen wir eine Aufnahmebereitschaft f\u00fcr wichtige Kompetenzen, um Natur zu bewahren und nachhaltig mit ihr umzugehen!<\/span><\/p>\n<p><span style=\"font-family: arial, helvetica, sans-serif;\">Dabei versuchen wir f\u00fcr jedes Tier, ob Waschb\u00e4r oder Maus, die bestm\u00f6glichen art- und rassegerechten Lebensm\u00f6glichkeiten unter neuesten zoologischen Kenntnissen und F\u00e4higkeiten zu bieten.<\/span><\/p>\n<p><span style=\"font-family: arial, helvetica, sans-serif;\">Unser Team aus ausgebildeten Tierpflegern, G\u00e4rtnern und fachspezialisierten Biologen ist h\u00f6chst motiviert und offen f\u00fcr Neuerungen. Es setzt unsere Anliegen kreativ um und vertritt die Themen fachkundig. Weiter- und Fortbildungen sind daher selbstverst\u00e4ndlich.<\/span><\/p>\n<p><span style=\"font-family: arial, helvetica, sans-serif;\">Die erwachsenen Besucher des Tiergeheges sind oft in Begleitung von Kindern. Auch Senioren und Menschen mit Handicap z\u00e4hlen zu unseren h\u00e4ufigen und gern gesehenen G\u00e4sten.<\/span><\/p>\n<p><span style=\"font-family: arial, helvetica, sans-serif;\">Das Tier wird bei uns als Individuum erlebt, kann vielfach auch angefasst oder sogar gef\u00fcttert werden. Die Tiere werden \u00fcber alle Sinne erlebt und diese intensive Begegnung weckt weiteres Interesse. Informative und ansprechende Ausschilderungen mit &#8222;Insiderinfos&#8220; zu den jeweiligen Bewohnern vertiefen das Interesse an den Tieren und schaffen einen nachhaltigen Eindruck des Besuchs.<\/span><\/p>\n<p><span style=\"font-family: arial, helvetica, sans-serif;\">Durch Angebote unserer NaturErlebnisSchule, die sowohl den zoop\u00e4dagogischen, als auch erlebnisp\u00e4dagogischen Bereich abdecken, wird das Interesse f\u00fcr Tier und Umwelt geweckt, Informationen vermittelt und Handlungskompetenzen aufgebaut. Dies geschieht im Unterricht von Schulklassen und Kindertageseinrichtungen, aber auch bei Veranstaltungen f\u00fcr Kindergeburtstagen, in Ferienprogrammen und bei Tagesangeboten f\u00fcr Kinder und Erwachsene.<\/span><\/p>\n<p><span style=\"font-family: arial, helvetica, sans-serif;\">Die Erhaltung von Tierarten und Haustierrassen wird unterst\u00fctzt durch kontrollierte Zuchtgruppen. Bei den Haustierrassen engagiert sich das Tiergehege durch die Teilnahme an Zuchtprogrammen unter Vorgaben der jeweiligen Rassestandards.<\/span><\/p>\n<p><span style=\"font-family: arial, helvetica, sans-serif;\">Der fachliche Austausch mit anderen zoologischen Institutionen, aber auch Universit\u00e4ten und Hochschulen erm\u00f6glicht die Weitergabe und Intensivierung unserer Ziele.<\/span><\/p>\n<p><span style=\"font-family: arial, helvetica, sans-serif;\">\u00dcber allen steht aber die Liebe zu unseren Tieren, die wir als gesamtes Team des Tiergehege im Kaisergarten durch unsere Art der Tierhaltung und -versorgung gerne zeigen und kommunizieren!<\/span><\/p>\n","protected":false},"excerpt":{"rendered":"<p>I\u00dft der Papst katholisch?<\/p>\n <a class=\"more-link\" href=\"https:\/\/www.tiergehege-kaisergarten.de\/tg\/das-tiergehege\/das-leitbild\/\"><span class=\"more-msg\">Weiterlesen &rarr;<\/span><\/a>","protected":false},"author":2,"featured_media":2179,"parent":7,"menu_order":0,"comment_status":"closed","ping_status":"closed","template":"","meta":{"footnotes":""},"class_list":["post-113","page","type-page","status-publish","has-post-thumbnail","hentry"],"_links":{"self":[{"href":"https:\/\/www.tiergehege-kaisergarten.de\/tg\/wp-json\/wp\/v2\/pages\/113","targetHints":{"allow":["GET"]}}],"collection":[{"href":"https:\/\/www.tiergehege-kaisergarten.de\/tg\/wp-json\/wp\/v2\/pages"}],"about":[{"href":"https:\/\/www.tiergehege-kaisergarten.de\/tg\/wp-json\/wp\/v2\/types\/page"}],"author":[{"embeddable":true,"href":"https:\/\/www.tiergehege-kaisergarten.de\/tg\/wp-json\/wp\/v2\/users\/2"}],"replies":[{"embeddable":true,"href":"https:\/\/www.tiergehege-kaisergarten.de\/tg\/wp-json\/wp\/v2\/comments?post=113"}],"version-history":[{"count":6,"href":"https:\/\/www.tiergehege-kaisergarten.de\/tg\/wp-json\/wp\/v2\/pages\/113\/revisions"}],"predecessor-version":[{"id":8183,"href":"https:\/\/www.tiergehege-kaisergarten.de\/tg\/wp-json\/wp\/v2\/pages\/113\/revisions\/8183"}],"up":[{"embeddable":true,"href":"https:\/\/www.tiergehege-kaisergarten.de\/tg\/wp-json\/wp\/v2\/pages\/7"}],"wp:featuredmedia":[{"embeddable":true,"href":"https:\/\/www.tiergehege-kaisergarten.de\/tg\/wp-json\/wp\/v2\/media\/2179"}],"wp:attachment":[{"href":"https:\/\/www.tiergehege-kaisergarten.de\/tg\/wp-json\/wp\/v2\/media?parent=113"}],"curies":[{"name":"wp","href":"https:\/\/api.w.org\/{rel}","templated":true}]}}