{"id":112,"date":"2018-04-27T21:46:23","date_gmt":"2018-04-27T19:46:23","guid":{"rendered":"\/tg\/rothirsch\/"},"modified":"2022-11-15T07:35:46","modified_gmt":"2022-11-15T06:35:46","slug":"rothirsch","status":"publish","type":"page","link":"https:\/\/www.tiergehege-kaisergarten.de\/tg\/unsere-tiere\/hirsche\/rothirsch\/","title":{"rendered":"Rothirsch"},"content":{"rendered":"<h3><span style=\"font-family: arial, helvetica, sans-serif;\"><em>Cervus elaphus<\/em><\/span><\/h3>\n<p><span style=\"font-family: arial, helvetica, sans-serif;\"><a href=\"\/tg\/wp-content\/uploads\/sites\/3\/2014\/01\/nabit_karte_rotwild.jpg\"><img decoding=\"async\" class=\"alignright size-medium wp-image-1518\" src=\"\/tg\/wp-content\/uploads\/sites\/3\/2014\/01\/nabit_karte_rotwild-300x119.jpg\" alt=\"\" width=\"300\" height=\"119\" srcset=\"https:\/\/www.tiergehege-kaisergarten.de\/tg\/wp-content\/uploads\/2014\/01\/nabit_karte_rotwild-300x119.jpg 300w, https:\/\/www.tiergehege-kaisergarten.de\/tg\/wp-content\/uploads\/2014\/01\/nabit_karte_rotwild-150x60.jpg 150w, https:\/\/www.tiergehege-kaisergarten.de\/tg\/wp-content\/uploads\/2014\/01\/nabit_karte_rotwild-768x306.jpg 768w, https:\/\/www.tiergehege-kaisergarten.de\/tg\/wp-content\/uploads\/2014\/01\/nabit_karte_rotwild-700x279.jpg 700w\" sizes=\"(max-width: 300px) 100vw, 300px\" \/><\/a>Au\u00dferhalb der Brunftzeit lebt das Rotwild in getrennten Rudeln: Jungtiere und erwachsene Weibchen werden von einer Hirschkuh gef\u00fchrt, Hirsche bilden eigene Rudel. Tags\u00fcber ruhen die Tiere im Verborgenen, w\u00e4hrend sie nachts umherwandern und \u00e4sen. Zur Brunftzeit im September sammelt ein Platzhirsch bis zu zw\u00f6lf K\u00fche um sich und vertreibt in heftigen K\u00e4mpfen andere Hirsche &#8222;vom Platz&#8220;, d.h. aus seinem Revier. R\u00f6hrende Brunftrufe hallen dann durch den Wald. Mit Geweihschl\u00e4gen treibt er jedes Weibchen, das sich absondern will, zur\u00fcck. Jedes Jahr im Februar wirft der Hirsch das Geweih ab; in etwa f\u00fcnf Monaten w\u00e4chst ein neues heran, das sich je nach Kondition und Alter des Hirsches bis zum Vierundzwanzigender entwickeln kann.<\/span><\/p>\n<p>&nbsp;<\/p>\n<p>M\u00f6chten Sie im <a href=\"https:\/\/www.zootier-lexikon.org\/index.php?option=com_k2&amp;view=item&amp;id=121:zwergotter-aonyx-cinerea&amp;Itemid=245\">Zootierlexikon<\/a> mehr erfahren?<\/p>\n","protected":false},"excerpt":{"rendered":"<p>I\u00dft der Papst katholisch?<\/p>\n <a class=\"more-link\" href=\"https:\/\/www.tiergehege-kaisergarten.de\/tg\/unsere-tiere\/hirsche\/rothirsch\/\"><span class=\"more-msg\">Weiterlesen &rarr;<\/span><\/a>","protected":false},"author":2,"featured_media":484,"parent":3838,"menu_order":0,"comment_status":"closed","ping_status":"closed","template":"","meta":{"footnotes":""},"class_list":["post-112","page","type-page","status-publish","has-post-thumbnail","hentry"],"_links":{"self":[{"href":"https:\/\/www.tiergehege-kaisergarten.de\/tg\/wp-json\/wp\/v2\/pages\/112","targetHints":{"allow":["GET"]}}],"collection":[{"href":"https:\/\/www.tiergehege-kaisergarten.de\/tg\/wp-json\/wp\/v2\/pages"}],"about":[{"href":"https:\/\/www.tiergehege-kaisergarten.de\/tg\/wp-json\/wp\/v2\/types\/page"}],"author":[{"embeddable":true,"href":"https:\/\/www.tiergehege-kaisergarten.de\/tg\/wp-json\/wp\/v2\/users\/2"}],"replies":[{"embeddable":true,"href":"https:\/\/www.tiergehege-kaisergarten.de\/tg\/wp-json\/wp\/v2\/comments?post=112"}],"version-history":[{"count":6,"href":"https:\/\/www.tiergehege-kaisergarten.de\/tg\/wp-json\/wp\/v2\/pages\/112\/revisions"}],"predecessor-version":[{"id":8030,"href":"https:\/\/www.tiergehege-kaisergarten.de\/tg\/wp-json\/wp\/v2\/pages\/112\/revisions\/8030"}],"up":[{"embeddable":true,"href":"https:\/\/www.tiergehege-kaisergarten.de\/tg\/wp-json\/wp\/v2\/pages\/3838"}],"wp:featuredmedia":[{"embeddable":true,"href":"https:\/\/www.tiergehege-kaisergarten.de\/tg\/wp-json\/wp\/v2\/media\/484"}],"wp:attachment":[{"href":"https:\/\/www.tiergehege-kaisergarten.de\/tg\/wp-json\/wp\/v2\/media?parent=112"}],"curies":[{"name":"wp","href":"https:\/\/api.w.org\/{rel}","templated":true}]}}