{"id":11,"date":"2018-04-27T21:46:20","date_gmt":"2018-04-27T19:46:20","guid":{"rendered":"\/tg\/besucherinformationen\/"},"modified":"2025-09-18T10:47:43","modified_gmt":"2025-09-18T08:47:43","slug":"besucherinformationen","status":"publish","type":"page","link":"https:\/\/www.tiergehege-kaisergarten.de\/tg\/das-tiergehege\/besucherinformationen\/","title":{"rendered":"Besucherinformationen"},"content":{"rendered":"<h3><span style=\"font-family: arial, helvetica, sans-serif;\">N\u00fctzliches f\u00fcr Besucher des Kaisergartens und des Tiergeheges<\/span><\/h3>\n<p><span style=\"font-family: arial, helvetica, sans-serif;\">Sie kennen den Kaisergarten und das Tiergehege noch nicht und m\u00f6chten gerne einen Ausflug zu uns machen? Hier m\u00f6chten wir Ihnen zeigen, was wir Ihnen bieten k\u00f6nnen:<\/span><\/p>\n<p><span style=\"font-family: arial, helvetica, sans-serif;\">Mitten in Oberhausen liegt der Kaisergarten, die sch\u00f6nste und beliebteste Gr\u00fcnanlage der Stadt. Der rund 28 Hektar gro\u00dfe Park am s\u00fcdlichen Ufer des Rhein-Herne-Kanals bietet viele M\u00f6glichkeiten zur Freizeitgestaltung f\u00fcr die ganze Familie. In fu\u00dfl\u00e4ufiger Entfernung zum Gasometer und zum CentrO. ist der Kaisergarten bei Oberhausenern wie bei ausw\u00e4rtigen G\u00e4sten gleicherma\u00dfen beliebtes Naherholungsziel im geografischen Herzen der Stadt.<\/span><\/p>\n<p><span style=\"font-family: arial, helvetica, sans-serif;\">Das Angebot des Kaisergartens ist breit gef\u00e4chert: Es reicht vom Schloss Oberhausen mit seiner Ludwigs Galerie und wechselnden Ausstellungen, der st\u00e4dtischen Gedenkhalle und gehobener Gastronomie \u00fcber die Trendsportanlage &#8222;Open area&#8220; bis zur spektakul\u00e4ren Fu\u00dfg\u00e4ngerbr\u00fccke &#8222;Slinky springs to Fame&#8220; des K\u00fcnstlers und Architekten Tobias Rehberger \u00fcber den Kanal. Ausgedehnte Wald- und Wiesenfl\u00e4chen laden zum Spazieren, Walken und Joggen oder einfach zum Verweilen ein. Hinzu kommen attraktive Spielpl\u00e4tze, im Sommer Minigolf und Bogenschie\u00dfen sowie ein Rodelberg im Winter.<\/span><\/p>\n<p><span style=\"font-family: arial, helvetica, sans-serif;\">Ganzj\u00e4hrig ge\u00f6ffnet ist die Hauptattraktion des Kaisergartens das Tiergehege, das sich harmonisch zwischen malerische Teiche und den letzten erhaltenen Altarmen der Emscher einf\u00fcgt.<\/span><\/p>\n<p><span style=\"font-family: arial, helvetica, sans-serif;\">Spezialisiert auf die Haltung heimischer Wildtiere und Haustierrassen erleben kleine wie gro\u00dfe G\u00e4ste viele Tiere hautnah und mit allen Sinnen. Neben den typischen Bewohnern unserer Natur wie Rothirsch, Luchs und Mufflon, gibt es auch Neueinwanderer wie Schakal und Waschb\u00e4r zu beobachten. Viele der gehaltenen Haus- und Nutztiere sind selten geworden und so bem\u00fcht sich das Tiergehege als &#8222;Arche-Park&#8220; zur Bekanntmachung und Erhaltung dieser Rassen.<\/span><\/p>\n<p><span style=\"font-family: arial, helvetica, sans-serif;\">Als Mitglied zoologischer Fachverb\u00e4nde (<a href=\"https:\/\/www.wildgehege-verband.de\/\">Deutscher Wildgehegeverband DWV<\/a>, Deutsche Tierpark Gesellschaft DTG , Landeszooverband NRW) erfolgt die Tierhaltung und -versorgung auf neuesten tierg\u00e4rtnerischen Kenntnissen.<\/span><\/p>\n<p><span style=\"font-family: arial, helvetica, sans-serif;\">Hunde d\u00fcrfen an der kurzen Leine mitgef\u00fchrt werden.<\/span><\/p>\n<p><span style=\"font-family: arial, helvetica, sans-serif;\">Einige unserer Tiere d\u00fcrfen gef\u00fcttert werden. Beachten Sie bitte die einzelnen Hinweise an den Gehegen!<\/span><br \/>\n<span style=\"font-family: arial, helvetica, sans-serif;\">Futter k\u00f6nnen Sie am Automaten am Picknickplatz des Tiergeheges erwerben. Hierf\u00fcr werden 2 Euro-M\u00fcnzen ben\u00f6tigt.<\/span><\/p>\n<h3><\/h3>\n<h3><span style=\"font-family: arial, helvetica, sans-serif;\">Spiel- und Picknickpl\u00e4tze rund um das Tiergehege:<\/span><\/h3>\n<p><span style=\"font-family: arial, helvetica, sans-serif;\">Im Bereich des Bauernhofes befindet sich ein \u00fcberdachter Bereich mit etwa 40 Sitz- und Tischpl\u00e4tzen, der zum Picknicken genutzt werden kann. Hier ist auch ein kleiner Sandspielplatz f\u00fcr Kleinkinder.<\/span><\/p>\n<p><span style=\"font-family: arial, helvetica, sans-serif;\">Weitere Spielpl\u00e4tze sind am Eingang zum Kaisergarten am Schloss Oberhausen sowie am &#8222;Gro\u00dfen Teich&#8220; des Kaisergartens. Eine Liegewiese in der N\u00e4he kann f\u00fcr Rast und Spiel genutzt werden.<\/span><\/p>\n<p><span style=\"font-family: arial, helvetica, sans-serif;\">Eine Toilettenanlage finden Sie am gro\u00dfen Teich des Parks neben dem Verkaufspavillon. Au\u00dferdem gibt es \u00f6ffentliche Toiletten an der Schlossgastronomie.<\/span><\/p>\n<p>&nbsp;<\/p>\n<h3><span style=\"font-family: arial, helvetica, sans-serif;\">Kontakt:<\/span><\/h3>\n<pre><span style=\"font-family: arial, helvetica, sans-serif;\">Tiergehege im Kaisergarten\r\nAm Kaisergarten 30\r\n46049 Oberhausen\r\nTel. 0208 3770612\r\nFax  0208 3770624\r\n&#x74;&#105;&#101;&#x72;&#x67;&#101;&#104;&#x65;&#x67;&#101;&#64;&#x73;&#x62;&#111;&#46;&#x6f;&#x62;&#101;&#114;&#x68;&#x61;&#117;&#115;&#x65;&#x6e;&#46;&#100;&#x65;<\/span><\/pre>\n<p><span style=\"font-family: arial, helvetica, sans-serif;\">B\u00fcrozeiten sind montags bis donnerstags von 10.00 Uhr -12.00 Uhr.<\/span><\/p>\n<p><span style=\"font-family: arial, helvetica, sans-serif;\">Weitere Benutzerinformationen gibt es auch auf den Folgeseiten:<\/span><br \/>\n<span style=\"font-family: arial, helvetica, sans-serif;\"><div id=\"shailan-subpages-11-1\"><ul class=\"subpages\"><li class=\"page_item page-item-43\"><a href=\"https:\/\/www.tiergehege-kaisergarten.de\/tg\/das-tiergehege\/besucherinformationen\/oeffnungszeiten\/\" title=\"\u00d6ffnungszeiten\" rel=\"\">\u00d6ffnungszeiten<\/a><\/li>\n<li class=\"page_item page-item-44\"><a href=\"https:\/\/www.tiergehege-kaisergarten.de\/tg\/das-tiergehege\/besucherinformationen\/gehegeordnung\/\" title=\"Gehegeordnung\" rel=\"\">Gehegeordnung<\/a><\/li>\n<li class=\"page_item page-item-45\"><a href=\"https:\/\/www.tiergehege-kaisergarten.de\/tg\/das-tiergehege\/besucherinformationen\/praktikumbi\/\" title=\"Praktikum\" rel=\"\">Praktikum<\/a><\/li>\n<li class=\"page_item page-item-48\"><a href=\"https:\/\/www.tiergehege-kaisergarten.de\/tg\/das-tiergehege\/besucherinformationen\/ausbildung\/\" title=\"Ausbildung\" rel=\"\">Ausbildung<\/a><\/li>\n<li class=\"page_item page-item-46\"><a href=\"https:\/\/www.tiergehege-kaisergarten.de\/tg\/das-tiergehege\/besucherinformationen\/anfahrt-und-parken\/\" title=\"Anfahrt und Parken\" rel=\"\">Anfahrt und Parken<\/a><\/li>\n<li class=\"page_item page-item-124\"><a href=\"https:\/\/www.tiergehege-kaisergarten.de\/tg\/das-tiergehege\/besucherinformationen\/wir-bieten-an\/\" title=\"Wir bieten an!\" rel=\"\">Wir bieten an!<\/a><\/li>\n<\/ul><\/div><\/span><\/p>\n","protected":false},"excerpt":{"rendered":"<p>I\u00dft der Papst katholisch?<\/p>\n <a class=\"more-link\" href=\"https:\/\/www.tiergehege-kaisergarten.de\/tg\/das-tiergehege\/besucherinformationen\/\"><span class=\"more-msg\">Weiterlesen &rarr;<\/span><\/a>","protected":false},"author":2,"featured_media":2146,"parent":7,"menu_order":0,"comment_status":"closed","ping_status":"closed","template":"","meta":{"footnotes":""},"class_list":["post-11","page","type-page","status-publish","has-post-thumbnail","hentry"],"_links":{"self":[{"href":"https:\/\/www.tiergehege-kaisergarten.de\/tg\/wp-json\/wp\/v2\/pages\/11","targetHints":{"allow":["GET"]}}],"collection":[{"href":"https:\/\/www.tiergehege-kaisergarten.de\/tg\/wp-json\/wp\/v2\/pages"}],"about":[{"href":"https:\/\/www.tiergehege-kaisergarten.de\/tg\/wp-json\/wp\/v2\/types\/page"}],"author":[{"embeddable":true,"href":"https:\/\/www.tiergehege-kaisergarten.de\/tg\/wp-json\/wp\/v2\/users\/2"}],"replies":[{"embeddable":true,"href":"https:\/\/www.tiergehege-kaisergarten.de\/tg\/wp-json\/wp\/v2\/comments?post=11"}],"version-history":[{"count":14,"href":"https:\/\/www.tiergehege-kaisergarten.de\/tg\/wp-json\/wp\/v2\/pages\/11\/revisions"}],"predecessor-version":[{"id":8710,"href":"https:\/\/www.tiergehege-kaisergarten.de\/tg\/wp-json\/wp\/v2\/pages\/11\/revisions\/8710"}],"up":[{"embeddable":true,"href":"https:\/\/www.tiergehege-kaisergarten.de\/tg\/wp-json\/wp\/v2\/pages\/7"}],"wp:featuredmedia":[{"embeddable":true,"href":"https:\/\/www.tiergehege-kaisergarten.de\/tg\/wp-json\/wp\/v2\/media\/2146"}],"wp:attachment":[{"href":"https:\/\/www.tiergehege-kaisergarten.de\/tg\/wp-json\/wp\/v2\/media?parent=11"}],"curies":[{"name":"wp","href":"https:\/\/api.w.org\/{rel}","templated":true}]}}