{"id":106,"date":"2018-04-27T21:46:23","date_gmt":"2018-04-27T19:46:23","guid":{"rendered":"\/tg\/lockengans\/"},"modified":"2019-01-03T11:12:00","modified_gmt":"2019-01-03T10:12:00","slug":"lockengans","status":"publish","type":"page","link":"https:\/\/www.tiergehege-kaisergarten.de\/tg\/unsere-tiere\/voegel\/lockengans\/","title":{"rendered":"Lockengans"},"content":{"rendered":"<p><em><strong>Anser anser f. dom.<\/strong><\/em><\/p>\n<p><a href=\"\/tg\/wp-content\/uploads\/sites\/3\/2014\/01\/nabit_karte_lockengans.jpg\"><img decoding=\"async\" class=\"alignright size-medium wp-image-1509\" src=\"\/tg\/wp-content\/uploads\/sites\/3\/2014\/01\/nabit_karte_lockengans-300x120.jpg\" alt=\"\" width=\"300\" height=\"120\" srcset=\"https:\/\/www.tiergehege-kaisergarten.de\/tg\/wp-content\/uploads\/2014\/01\/nabit_karte_lockengans-300x120.jpg 300w, https:\/\/www.tiergehege-kaisergarten.de\/tg\/wp-content\/uploads\/2014\/01\/nabit_karte_lockengans-150x60.jpg 150w, https:\/\/www.tiergehege-kaisergarten.de\/tg\/wp-content\/uploads\/2014\/01\/nabit_karte_lockengans-768x307.jpg 768w, https:\/\/www.tiergehege-kaisergarten.de\/tg\/wp-content\/uploads\/2014\/01\/nabit_karte_lockengans-700x280.jpg 700w, https:\/\/www.tiergehege-kaisergarten.de\/tg\/wp-content\/uploads\/2014\/01\/nabit_karte_lockengans.jpg 800w\" sizes=\"(max-width: 300px) 100vw, 300px\" \/><\/a>Lockeng\u00e4nse fallen auf: Ihre weichen, gelockten Federn auf R\u00fccken, Fl\u00fcgeln und Schwanz, die teilweise bis auf den Boden h\u00e4ngen, sind einzigartig unter den G\u00e4nsen und eine Laune der Natur. Die durch eine Mutation bei gew\u00f6hnlichen Landg\u00e4nsen entstandene Besonderheit gefiel den Menschen; insbesondere in den L\u00e4ndern rund um das Schwarze Meer wurden Lockeng\u00e4nse gezielt gez\u00fcchtet und gelangten schlie\u00dflich auch nach Deutschland. Unter G\u00e4nsehaltern gelten die Tiere als umg\u00e4nglich und ruhig. Wegen ihres lockeren und gelockten Gefieders k\u00f6nnen Lockeng\u00e4nse nicht fliegen und sind weniger gut gesch\u00fctzt vor K\u00e4lte und N\u00e4sse. Sie ben\u00f6tigen gro\u00dfe Mengen sauberes Wasser, um ihr meist wei\u00dfes Gefieder zu reinigen.<\/p>\n","protected":false},"excerpt":{"rendered":"<p>I\u00dft der Papst katholisch?<\/p>\n <a class=\"more-link\" href=\"https:\/\/www.tiergehege-kaisergarten.de\/tg\/unsere-tiere\/voegel\/lockengans\/\"><span class=\"more-msg\">Weiterlesen &rarr;<\/span><\/a>","protected":false},"author":2,"featured_media":6044,"parent":52,"menu_order":0,"comment_status":"closed","ping_status":"closed","template":"","meta":{"footnotes":""},"class_list":["post-106","page","type-page","status-publish","has-post-thumbnail","hentry"],"_links":{"self":[{"href":"https:\/\/www.tiergehege-kaisergarten.de\/tg\/wp-json\/wp\/v2\/pages\/106","targetHints":{"allow":["GET"]}}],"collection":[{"href":"https:\/\/www.tiergehege-kaisergarten.de\/tg\/wp-json\/wp\/v2\/pages"}],"about":[{"href":"https:\/\/www.tiergehege-kaisergarten.de\/tg\/wp-json\/wp\/v2\/types\/page"}],"author":[{"embeddable":true,"href":"https:\/\/www.tiergehege-kaisergarten.de\/tg\/wp-json\/wp\/v2\/users\/2"}],"replies":[{"embeddable":true,"href":"https:\/\/www.tiergehege-kaisergarten.de\/tg\/wp-json\/wp\/v2\/comments?post=106"}],"version-history":[{"count":4,"href":"https:\/\/www.tiergehege-kaisergarten.de\/tg\/wp-json\/wp\/v2\/pages\/106\/revisions"}],"predecessor-version":[{"id":6043,"href":"https:\/\/www.tiergehege-kaisergarten.de\/tg\/wp-json\/wp\/v2\/pages\/106\/revisions\/6043"}],"up":[{"embeddable":true,"href":"https:\/\/www.tiergehege-kaisergarten.de\/tg\/wp-json\/wp\/v2\/pages\/52"}],"wp:featuredmedia":[{"embeddable":true,"href":"https:\/\/www.tiergehege-kaisergarten.de\/tg\/wp-json\/wp\/v2\/media\/6044"}],"wp:attachment":[{"href":"https:\/\/www.tiergehege-kaisergarten.de\/tg\/wp-json\/wp\/v2\/media?parent=106"}],"curies":[{"name":"wp","href":"https:\/\/api.w.org\/{rel}","templated":true}]}}