{"id":104,"date":"2018-04-27T21:46:23","date_gmt":"2018-04-27T19:46:23","guid":{"rendered":"\/tg\/zwergziege\/"},"modified":"2022-11-15T10:40:50","modified_gmt":"2022-11-15T09:40:50","slug":"zwergziege","status":"publish","type":"page","link":"https:\/\/www.tiergehege-kaisergarten.de\/tg\/unsere-tiere\/schafe-und-ziegen\/zwergziege\/","title":{"rendered":"Zwergziege"},"content":{"rendered":"<p><em><strong>Capra aegagrus f. hircus<\/strong><\/em><\/p>\n<p><a href=\"\/tg\/wp-content\/uploads\/sites\/3\/2014\/01\/nabit_karte_zwergziege.jpg\"><img decoding=\"async\" class=\"alignright size-medium wp-image-1539\" src=\"\/tg\/wp-content\/uploads\/sites\/3\/2014\/01\/nabit_karte_zwergziege-300x120.jpg\" alt=\"Verbreitungsgebiet der Zwergziege\" width=\"300\" height=\"120\" srcset=\"https:\/\/www.tiergehege-kaisergarten.de\/tg\/wp-content\/uploads\/2014\/01\/nabit_karte_zwergziege-300x120.jpg 300w, https:\/\/www.tiergehege-kaisergarten.de\/tg\/wp-content\/uploads\/2014\/01\/nabit_karte_zwergziege-150x60.jpg 150w, https:\/\/www.tiergehege-kaisergarten.de\/tg\/wp-content\/uploads\/2014\/01\/nabit_karte_zwergziege-768x307.jpg 768w, https:\/\/www.tiergehege-kaisergarten.de\/tg\/wp-content\/uploads\/2014\/01\/nabit_karte_zwergziege-700x280.jpg 700w\" sizes=\"(max-width: 300px) 100vw, 300px\" \/><\/a>Urspr\u00fcnglich sind Zwergziegen im Regenwald und in den Feuchtsteppen Afrikas zuhause. Durch ihre hohe Widerstandskraft gegen Krankheiten und Parasiten, die sich in diesen feuchtwarmen Gebieten stark verbreiten k\u00f6nnen, sind sie hervorragend an ihre Heimat angepasst. Etwa 16 Millionen Zwergziegen werden dort als Milch- und Fleischlieferanten gehalten. Nach Europa und Nordamerika sind die Zwergziegen vor einigen Jahrzehnten eingef\u00fchrt worden und wurden durch ganz andere Eigenschaften bekannt: Ihre Umg\u00e4nglichkeit und Robustheit machen sie zu beliebten Streicheltieren in Zoos und Hobbyhaltung. Auch Pferdebesitzer sch\u00e4tzen die freundlichen Ziegen als Gef\u00e4hrten f\u00fcr Pferde, die sich alleine langweilen w\u00fcrden.<\/p>\n<p>&nbsp;<\/p>\n<p>M\u00f6chten Sie im <a href=\"https:\/\/www.zootier-lexikon.org\/index.php?option=com_k2&amp;view=item&amp;id=7956:hausziege&amp;Itemid=436#zwerg\">Zootierlexikon<\/a> mehr erfahren?<\/p>\n","protected":false},"excerpt":{"rendered":"<p>I\u00dft der Papst katholisch?<\/p>\n <a class=\"more-link\" href=\"https:\/\/www.tiergehege-kaisergarten.de\/tg\/unsere-tiere\/schafe-und-ziegen\/zwergziege\/\"><span class=\"more-msg\">Weiterlesen &rarr;<\/span><\/a>","protected":false},"author":2,"featured_media":726,"parent":20,"menu_order":0,"comment_status":"closed","ping_status":"closed","template":"","meta":{"footnotes":""},"class_list":["post-104","page","type-page","status-publish","has-post-thumbnail","hentry"],"_links":{"self":[{"href":"https:\/\/www.tiergehege-kaisergarten.de\/tg\/wp-json\/wp\/v2\/pages\/104","targetHints":{"allow":["GET"]}}],"collection":[{"href":"https:\/\/www.tiergehege-kaisergarten.de\/tg\/wp-json\/wp\/v2\/pages"}],"about":[{"href":"https:\/\/www.tiergehege-kaisergarten.de\/tg\/wp-json\/wp\/v2\/types\/page"}],"author":[{"embeddable":true,"href":"https:\/\/www.tiergehege-kaisergarten.de\/tg\/wp-json\/wp\/v2\/users\/2"}],"replies":[{"embeddable":true,"href":"https:\/\/www.tiergehege-kaisergarten.de\/tg\/wp-json\/wp\/v2\/comments?post=104"}],"version-history":[{"count":5,"href":"https:\/\/www.tiergehege-kaisergarten.de\/tg\/wp-json\/wp\/v2\/pages\/104\/revisions"}],"predecessor-version":[{"id":8050,"href":"https:\/\/www.tiergehege-kaisergarten.de\/tg\/wp-json\/wp\/v2\/pages\/104\/revisions\/8050"}],"up":[{"embeddable":true,"href":"https:\/\/www.tiergehege-kaisergarten.de\/tg\/wp-json\/wp\/v2\/pages\/20"}],"wp:featuredmedia":[{"embeddable":true,"href":"https:\/\/www.tiergehege-kaisergarten.de\/tg\/wp-json\/wp\/v2\/media\/726"}],"wp:attachment":[{"href":"https:\/\/www.tiergehege-kaisergarten.de\/tg\/wp-json\/wp\/v2\/media?parent=104"}],"curies":[{"name":"wp","href":"https:\/\/api.w.org\/{rel}","templated":true}]}}