{"id":103,"date":"2018-04-27T21:46:23","date_gmt":"2018-04-27T19:46:23","guid":{"rendered":"\/tg\/zwergotter\/"},"modified":"2022-11-15T07:34:18","modified_gmt":"2022-11-15T06:34:18","slug":"zwergotter","status":"publish","type":"page","link":"https:\/\/www.tiergehege-kaisergarten.de\/tg\/unsere-tiere\/beutegreifer\/zwergotter\/","title":{"rendered":"Zwergotter"},"content":{"rendered":"<p><span style=\"font-family: arial, helvetica, sans-serif;\"><em><strong>Aonyx cinerea<\/strong><\/em><\/span><\/p>\n<p><span style=\"font-family: arial, helvetica, sans-serif;\"><a href=\"\/tg\/wp-content\/uploads\/sites\/3\/2014\/01\/nabit_karte_zwergotter.jpg\"><img decoding=\"async\" class=\"alignright size-medium wp-image-1538\" src=\"\/tg\/wp-content\/uploads\/sites\/3\/2014\/01\/nabit_karte_zwergotter-300x120.jpg\" alt=\"Verbreitungsgebiet des Zwergotters\" width=\"300\" height=\"120\" srcset=\"https:\/\/www.tiergehege-kaisergarten.de\/tg\/wp-content\/uploads\/2014\/01\/nabit_karte_zwergotter-300x120.jpg 300w, https:\/\/www.tiergehege-kaisergarten.de\/tg\/wp-content\/uploads\/2014\/01\/nabit_karte_zwergotter-150x60.jpg 150w, https:\/\/www.tiergehege-kaisergarten.de\/tg\/wp-content\/uploads\/2014\/01\/nabit_karte_zwergotter-768x307.jpg 768w, https:\/\/www.tiergehege-kaisergarten.de\/tg\/wp-content\/uploads\/2014\/01\/nabit_karte_zwergotter-700x280.jpg 700w, https:\/\/www.tiergehege-kaisergarten.de\/tg\/wp-content\/uploads\/2014\/01\/nabit_karte_zwergotter.jpg 1900w\" sizes=\"(max-width: 300px) 100vw, 300px\" \/><\/a>Zwergotter sind im Gegensatz zu anderen Ottern sehr gesellig und leben in kleinen Gruppen. Sie verst\u00e4ndigen sich untereinander mit etwa zw\u00f6lf verschiedenen Lauten, spielen miteinander und jagen sich. Mit ihren beweglichen, tastempfindlichen Fingern, die nicht wie bei anderen Ottern mit Schwimmh\u00e4uten verbunden sind, w\u00fchlen sie im Schlamm nach Muscheln und Krebsen. Ihre Vorliebe f\u00fcr Krebse macht sie bei den Reisbauern Asiens beliebt, da sie deren Felder frei von Erntesch\u00e4dlingen halten. In Malaysia werden die Zwergotter h\u00e4ufig beim Fischfang eingesetzt; schnell lernen sie es, die Fische in die Netze zu treiben. Durch Vernichtung ihres Lebensraums geht ihr Bestand in vielen Teilen ihrer Heimat zur\u00fcck.<\/span><\/p>\n<p>&nbsp;<\/p>\n<p>M\u00f6chten Sie im <a href=\"https:\/\/www.zootier-lexikon.org\/index.php?option=com_k2&amp;view=item&amp;id=121:zwergotter-aonyx-cinerea&amp;Itemid=245\">Zootierlexikon<\/a> mehr erfahren?<\/p>\n","protected":false},"excerpt":{"rendered":"<p>I\u00dft der Papst katholisch?<\/p>\n <a class=\"more-link\" href=\"https:\/\/www.tiergehege-kaisergarten.de\/tg\/unsere-tiere\/beutegreifer\/zwergotter\/\"><span class=\"more-msg\">Weiterlesen &rarr;<\/span><\/a>","protected":false},"author":2,"featured_media":1364,"parent":21,"menu_order":0,"comment_status":"closed","ping_status":"closed","template":"","meta":{"footnotes":""},"class_list":["post-103","page","type-page","status-publish","has-post-thumbnail","hentry"],"_links":{"self":[{"href":"https:\/\/www.tiergehege-kaisergarten.de\/tg\/wp-json\/wp\/v2\/pages\/103","targetHints":{"allow":["GET"]}}],"collection":[{"href":"https:\/\/www.tiergehege-kaisergarten.de\/tg\/wp-json\/wp\/v2\/pages"}],"about":[{"href":"https:\/\/www.tiergehege-kaisergarten.de\/tg\/wp-json\/wp\/v2\/types\/page"}],"author":[{"embeddable":true,"href":"https:\/\/www.tiergehege-kaisergarten.de\/tg\/wp-json\/wp\/v2\/users\/2"}],"replies":[{"embeddable":true,"href":"https:\/\/www.tiergehege-kaisergarten.de\/tg\/wp-json\/wp\/v2\/comments?post=103"}],"version-history":[{"count":6,"href":"https:\/\/www.tiergehege-kaisergarten.de\/tg\/wp-json\/wp\/v2\/pages\/103\/revisions"}],"predecessor-version":[{"id":8029,"href":"https:\/\/www.tiergehege-kaisergarten.de\/tg\/wp-json\/wp\/v2\/pages\/103\/revisions\/8029"}],"up":[{"embeddable":true,"href":"https:\/\/www.tiergehege-kaisergarten.de\/tg\/wp-json\/wp\/v2\/pages\/21"}],"wp:featuredmedia":[{"embeddable":true,"href":"https:\/\/www.tiergehege-kaisergarten.de\/tg\/wp-json\/wp\/v2\/media\/1364"}],"wp:attachment":[{"href":"https:\/\/www.tiergehege-kaisergarten.de\/tg\/wp-json\/wp\/v2\/media?parent=103"}],"curies":[{"name":"wp","href":"https:\/\/api.w.org\/{rel}","templated":true}]}}