{"id":102,"date":"2018-04-27T21:46:23","date_gmt":"2018-04-27T19:46:23","guid":{"rendered":"\/tg\/zwergesel\/"},"modified":"2022-11-15T08:52:02","modified_gmt":"2022-11-15T07:52:02","slug":"zwergesel","status":"publish","type":"page","link":"https:\/\/www.tiergehege-kaisergarten.de\/tg\/unsere-tiere\/pferde\/zwergesel\/","title":{"rendered":"Zwergesel"},"content":{"rendered":"<p><span style=\"font-family: arial, helvetica, sans-serif;\"><em><strong>Equus africanus f. asinus<\/strong><\/em><\/span><\/p>\n<p><span style=\"font-family: arial, helvetica, sans-serif;\"><a href=\"\/tg\/wp-content\/uploads\/sites\/3\/2014\/01\/nabit_karte_zwergesel.jpg\"><img decoding=\"async\" class=\"alignright size-medium wp-image-1536\" src=\"\/tg\/wp-content\/uploads\/sites\/3\/2014\/01\/nabit_karte_zwergesel-300x120.jpg\" alt=\"Verbreitungsgebiet des Zwergesels\" width=\"300\" height=\"120\" srcset=\"https:\/\/www.tiergehege-kaisergarten.de\/tg\/wp-content\/uploads\/2014\/01\/nabit_karte_zwergesel-300x120.jpg 300w, https:\/\/www.tiergehege-kaisergarten.de\/tg\/wp-content\/uploads\/2014\/01\/nabit_karte_zwergesel-150x60.jpg 150w, https:\/\/www.tiergehege-kaisergarten.de\/tg\/wp-content\/uploads\/2014\/01\/nabit_karte_zwergesel-768x307.jpg 768w, https:\/\/www.tiergehege-kaisergarten.de\/tg\/wp-content\/uploads\/2014\/01\/nabit_karte_zwergesel-700x280.jpg 700w, https:\/\/www.tiergehege-kaisergarten.de\/tg\/wp-content\/uploads\/2014\/01\/nabit_karte_zwergesel.jpg 900w\" sizes=\"(max-width: 300px) 100vw, 300px\" \/><\/a>Zwergesel sind meist z\u00e4he und gutm\u00fctige Tiere, denen als Nutztier trotz manchmal nur m\u00e4\u00dfiger Ern\u00e4hrung erstaunliche Lasten zugemutet werden. Oft arbeiten sie bis ins hohe Alter. Fr\u00fcher wurden sie h\u00e4ufig zum Antreiben von Dresch- oder Getreidem\u00fchlen eingesetzt und mussten stundenlang mit verbundenen Augen im Kreis laufen. Dank ihrer Geduld und ihres freundlichen Wesens sind sie heute auch beliebte Reit- und Streicheltiere f\u00fcr Kinder. Anders als Pferde sind sie keine Fluchttiere, sondern bleiben bei Gefahr unverr\u00fcckbar stehen und pr\u00fcfen die Lage. Besonders auf steilen Bergpfaden ist dieses Verhalten lebensrettend. Die sprichw\u00f6rtliche Sturheit des Esels ist also ebenso wie seine angebliche Dummheit ein Ger\u00fccht.<\/span><\/p>\n<p>&nbsp;<\/p>\n<p>M\u00f6chten Sie im <a href=\"https:\/\/www.zootier-lexikon.org\/index.php?option=com_k2&amp;view=item&amp;id=6931:hausesel&amp;Itemid=168\">Zootierlexikon<\/a> mehr erfahren?<\/p>\n","protected":false},"excerpt":{"rendered":"<p>I\u00dft der Papst katholisch?<\/p>\n <a class=\"more-link\" href=\"https:\/\/www.tiergehege-kaisergarten.de\/tg\/unsere-tiere\/pferde\/zwergesel\/\"><span class=\"more-msg\">Weiterlesen &rarr;<\/span><\/a>","protected":false},"author":2,"featured_media":6600,"parent":19,"menu_order":0,"comment_status":"closed","ping_status":"closed","template":"","meta":{"footnotes":""},"class_list":["post-102","page","type-page","status-publish","has-post-thumbnail","hentry"],"_links":{"self":[{"href":"https:\/\/www.tiergehege-kaisergarten.de\/tg\/wp-json\/wp\/v2\/pages\/102","targetHints":{"allow":["GET"]}}],"collection":[{"href":"https:\/\/www.tiergehege-kaisergarten.de\/tg\/wp-json\/wp\/v2\/pages"}],"about":[{"href":"https:\/\/www.tiergehege-kaisergarten.de\/tg\/wp-json\/wp\/v2\/types\/page"}],"author":[{"embeddable":true,"href":"https:\/\/www.tiergehege-kaisergarten.de\/tg\/wp-json\/wp\/v2\/users\/2"}],"replies":[{"embeddable":true,"href":"https:\/\/www.tiergehege-kaisergarten.de\/tg\/wp-json\/wp\/v2\/comments?post=102"}],"version-history":[{"count":6,"href":"https:\/\/www.tiergehege-kaisergarten.de\/tg\/wp-json\/wp\/v2\/pages\/102\/revisions"}],"predecessor-version":[{"id":6013,"href":"https:\/\/www.tiergehege-kaisergarten.de\/tg\/wp-json\/wp\/v2\/pages\/102\/revisions\/6013"}],"up":[{"embeddable":true,"href":"https:\/\/www.tiergehege-kaisergarten.de\/tg\/wp-json\/wp\/v2\/pages\/19"}],"wp:featuredmedia":[{"embeddable":true,"href":"https:\/\/www.tiergehege-kaisergarten.de\/tg\/wp-json\/wp\/v2\/media\/6600"}],"wp:attachment":[{"href":"https:\/\/www.tiergehege-kaisergarten.de\/tg\/wp-json\/wp\/v2\/media?parent=102"}],"curies":[{"name":"wp","href":"https:\/\/api.w.org\/{rel}","templated":true}]}}