{"id":101,"date":"2018-04-27T21:46:23","date_gmt":"2018-04-27T19:46:23","guid":{"rendered":"\/tg\/wollschwein\/"},"modified":"2022-11-15T10:45:20","modified_gmt":"2022-11-15T09:45:20","slug":"wollschwein","status":"publish","type":"page","link":"https:\/\/www.tiergehege-kaisergarten.de\/tg\/unsere-tiere\/schweine\/wollschwein\/","title":{"rendered":"Wollschwein"},"content":{"rendered":"<p><em><strong>Sus scrofa f. domestica<\/strong><\/em><\/p>\n<p><a href=\"\/tg\/wp-content\/uploads\/sites\/3\/2014\/01\/nabit_karte_wollschwein.jpg\"><img decoding=\"async\" class=\"alignright size-medium wp-image-1535\" src=\"\/tg\/wp-content\/uploads\/sites\/3\/2014\/01\/nabit_karte_wollschwein-300x120.jpg\" alt=\"Verbreitungsgebiet des Wollschweins\" width=\"300\" height=\"120\" srcset=\"https:\/\/www.tiergehege-kaisergarten.de\/tg\/wp-content\/uploads\/2014\/01\/nabit_karte_wollschwein-300x120.jpg 300w, https:\/\/www.tiergehege-kaisergarten.de\/tg\/wp-content\/uploads\/2014\/01\/nabit_karte_wollschwein-150x60.jpg 150w, https:\/\/www.tiergehege-kaisergarten.de\/tg\/wp-content\/uploads\/2014\/01\/nabit_karte_wollschwein.jpg 500w\" sizes=\"(max-width: 300px) 100vw, 300px\" \/><\/a>Wollschweine tragen ihren Namen aufgrund der dichten Behaarung mit den lockigen Borsten in Blond, Rot oder Schwarz, die aber nicht wie Schafwolle nutzbar ist. Die Ferkel dieser urspr\u00fcnglichen Rasse sind wie Wildschweinfrischlinge gestreift. Fr\u00fcher sch\u00e4tzte man das schmackhafte, fettreiche Fleisch und ihre Widerstandsf\u00e4higkeit gegen Stress und Krankheiten. Die wetterfesten Tiere k\u00f6nnen dank dicker Speckschicht und dichtem Haarkleid ganzj\u00e4hrig im Freien leben. Durch die industrielle Schweineproduktion und Vorliebe f\u00fcr mageres Fleisch sind sie selten geworden. Heute besinnt man sich jedoch wieder auf ihre Robustheit und setzt sie zum Umgraben von Wiesen ein, zur Waldpflege und zur Urbarmachung von Kulturland.<\/p>\n<p>&nbsp;<\/p>\n<p>M\u00f6chten Sie im <a href=\"https:\/\/www.zootier-lexikon.org\/index.php?option=com_k2&amp;view=item&amp;id=7960:schweinerassen&amp;Itemid=259#woll\">Zootierlexikon<\/a> mehr erfahren?<\/p>\n","protected":false},"excerpt":{"rendered":"<p>I\u00dft der Papst katholisch?<\/p>\n <a class=\"more-link\" href=\"https:\/\/www.tiergehege-kaisergarten.de\/tg\/unsere-tiere\/schweine\/wollschwein\/\"><span class=\"more-msg\">Weiterlesen &rarr;<\/span><\/a>","protected":false},"author":2,"featured_media":3656,"parent":18,"menu_order":0,"comment_status":"closed","ping_status":"closed","template":"","meta":{"footnotes":""},"class_list":["post-101","page","type-page","status-publish","has-post-thumbnail","hentry"],"_links":{"self":[{"href":"https:\/\/www.tiergehege-kaisergarten.de\/tg\/wp-json\/wp\/v2\/pages\/101","targetHints":{"allow":["GET"]}}],"collection":[{"href":"https:\/\/www.tiergehege-kaisergarten.de\/tg\/wp-json\/wp\/v2\/pages"}],"about":[{"href":"https:\/\/www.tiergehege-kaisergarten.de\/tg\/wp-json\/wp\/v2\/types\/page"}],"author":[{"embeddable":true,"href":"https:\/\/www.tiergehege-kaisergarten.de\/tg\/wp-json\/wp\/v2\/users\/2"}],"replies":[{"embeddable":true,"href":"https:\/\/www.tiergehege-kaisergarten.de\/tg\/wp-json\/wp\/v2\/comments?post=101"}],"version-history":[{"count":5,"href":"https:\/\/www.tiergehege-kaisergarten.de\/tg\/wp-json\/wp\/v2\/pages\/101\/revisions"}],"predecessor-version":[{"id":6026,"href":"https:\/\/www.tiergehege-kaisergarten.de\/tg\/wp-json\/wp\/v2\/pages\/101\/revisions\/6026"}],"up":[{"embeddable":true,"href":"https:\/\/www.tiergehege-kaisergarten.de\/tg\/wp-json\/wp\/v2\/pages\/18"}],"wp:featuredmedia":[{"embeddable":true,"href":"https:\/\/www.tiergehege-kaisergarten.de\/tg\/wp-json\/wp\/v2\/media\/3656"}],"wp:attachment":[{"href":"https:\/\/www.tiergehege-kaisergarten.de\/tg\/wp-json\/wp\/v2\/media?parent=101"}],"curies":[{"name":"wp","href":"https:\/\/api.w.org\/{rel}","templated":true}]}}