{"id":100,"date":"2018-04-27T21:46:23","date_gmt":"2018-04-27T19:46:23","guid":{"rendered":"\/tg\/wildschwein\/"},"modified":"2022-11-15T10:43:00","modified_gmt":"2022-11-15T09:43:00","slug":"wildschwein","status":"publish","type":"page","link":"https:\/\/www.tiergehege-kaisergarten.de\/tg\/unsere-tiere\/schweine\/wildschwein\/","title":{"rendered":"Wildschwein"},"content":{"rendered":"<p><em><strong>Sus scrofa<\/strong><\/em><\/p>\n<p><a href=\"\/tg\/wp-content\/uploads\/sites\/3\/2014\/01\/nabit_karte_wildschwein.jpg\"><img decoding=\"async\" class=\"alignright size-medium wp-image-1534\" src=\"\/tg\/wp-content\/uploads\/sites\/3\/2014\/01\/nabit_karte_wildschwein-300x120.jpg\" alt=\"Verbreitungsgebiet des Wildschweines\" width=\"300\" height=\"120\" srcset=\"https:\/\/www.tiergehege-kaisergarten.de\/tg\/wp-content\/uploads\/2014\/01\/nabit_karte_wildschwein-300x120.jpg 300w, https:\/\/www.tiergehege-kaisergarten.de\/tg\/wp-content\/uploads\/2014\/01\/nabit_karte_wildschwein-150x60.jpg 150w, https:\/\/www.tiergehege-kaisergarten.de\/tg\/wp-content\/uploads\/2014\/01\/nabit_karte_wildschwein-768x307.jpg 768w, https:\/\/www.tiergehege-kaisergarten.de\/tg\/wp-content\/uploads\/2014\/01\/nabit_karte_wildschwein-700x280.jpg 700w\" sizes=\"(max-width: 300px) 100vw, 300px\" \/><\/a>Wildschweine leben in Rotten, zu denen die Muttersau (Bache) mit ihren Frischlingen und die Jungtiere aus dem Vorjahr geh\u00f6ren. Die Eber (Keiler) schlie\u00dfen sich nur zur Fortpflanzungszeit den Sauen an. Tags\u00fcber ruhen die Wildschweine dicht beieinander in der Deckung. Gegen Abend jedoch wird die Rotte munter und durchw\u00fchlt auf der Suche nach Nahrung den Boden. Dank ihres gut ausgepr\u00e4gten Geruchssinns finden die Tiere auch unter-irdische Delikatessen wie Tr\u00fcffel und Kartoffeln. Zur K\u00f6rperpflege geh\u00f6ren ein ausgiebiges Schlammbad sowie das Scheuern an Baumst\u00e4mmen und an Artgenossen. Wildschweine sind sehr wehrhaft; besonders Bachen mit Jungen sollte man mit Respekt begegnen.<\/p>\n<p>&nbsp;<\/p>\n<p>M\u00f6chten Sie im <a href=\"https:\/\/www.zootier-lexikon.org\/index.php?searchword=wildschwein&amp;searchphrase=all&amp;Itemid=436&amp;option=com_search\">Zootierlexikon<\/a> mehr erfahren?<\/p>\n","protected":false},"excerpt":{"rendered":"<p>I\u00dft der Papst katholisch?<\/p>\n <a class=\"more-link\" href=\"https:\/\/www.tiergehege-kaisergarten.de\/tg\/unsere-tiere\/schweine\/wildschwein\/\"><span class=\"more-msg\">Weiterlesen &rarr;<\/span><\/a>","protected":false},"author":2,"featured_media":1621,"parent":18,"menu_order":0,"comment_status":"closed","ping_status":"closed","template":"","meta":{"footnotes":""},"class_list":["post-100","page","type-page","status-publish","has-post-thumbnail","hentry"],"_links":{"self":[{"href":"https:\/\/www.tiergehege-kaisergarten.de\/tg\/wp-json\/wp\/v2\/pages\/100","targetHints":{"allow":["GET"]}}],"collection":[{"href":"https:\/\/www.tiergehege-kaisergarten.de\/tg\/wp-json\/wp\/v2\/pages"}],"about":[{"href":"https:\/\/www.tiergehege-kaisergarten.de\/tg\/wp-json\/wp\/v2\/types\/page"}],"author":[{"embeddable":true,"href":"https:\/\/www.tiergehege-kaisergarten.de\/tg\/wp-json\/wp\/v2\/users\/2"}],"replies":[{"embeddable":true,"href":"https:\/\/www.tiergehege-kaisergarten.de\/tg\/wp-json\/wp\/v2\/comments?post=100"}],"version-history":[{"count":5,"href":"https:\/\/www.tiergehege-kaisergarten.de\/tg\/wp-json\/wp\/v2\/pages\/100\/revisions"}],"predecessor-version":[{"id":8051,"href":"https:\/\/www.tiergehege-kaisergarten.de\/tg\/wp-json\/wp\/v2\/pages\/100\/revisions\/8051"}],"up":[{"embeddable":true,"href":"https:\/\/www.tiergehege-kaisergarten.de\/tg\/wp-json\/wp\/v2\/pages\/18"}],"wp:featuredmedia":[{"embeddable":true,"href":"https:\/\/www.tiergehege-kaisergarten.de\/tg\/wp-json\/wp\/v2\/media\/1621"}],"wp:attachment":[{"href":"https:\/\/www.tiergehege-kaisergarten.de\/tg\/wp-json\/wp\/v2\/media?parent=100"}],"curies":[{"name":"wp","href":"https:\/\/api.w.org\/{rel}","templated":true}]}}