{"id":10,"date":"2018-04-27T21:46:20","date_gmt":"2018-04-27T19:46:20","guid":{"rendered":"\/tg\/unterstuetzen\/"},"modified":"2019-05-02T16:59:12","modified_gmt":"2019-05-02T14:59:12","slug":"foerderverein","status":"publish","type":"page","link":"https:\/\/www.tiergehege-kaisergarten.de\/tg\/unterstuetzen\/foerderverein\/","title":{"rendered":"F\u00f6rderverein"},"content":{"rendered":"<p><img decoding=\"async\" class=\"alignright size-medium wp-image-1232\" src=\"\/tg\/wp-content\/uploads\/sites\/3\/2011\/03\/foerderverein_wortmarke_a4-300x107.jpg\" alt=\"\" width=\"300\" height=\"107\" srcset=\"https:\/\/www.tiergehege-kaisergarten.de\/tg\/wp-content\/uploads\/2011\/03\/foerderverein_wortmarke_a4-300x107.jpg 300w, https:\/\/www.tiergehege-kaisergarten.de\/tg\/wp-content\/uploads\/2011\/03\/foerderverein_wortmarke_a4-150x54.jpg 150w, https:\/\/www.tiergehege-kaisergarten.de\/tg\/wp-content\/uploads\/2011\/03\/foerderverein_wortmarke_a4-768x275.jpg 768w, https:\/\/www.tiergehege-kaisergarten.de\/tg\/wp-content\/uploads\/2011\/03\/foerderverein_wortmarke_a4-700x250.jpg 700w\" sizes=\"(max-width: 300px) 100vw, 300px\" \/>Mitte 2010 wurde der F\u00f6rderverein &#8222;Freunde des Tiergehege im Kaisergarten e.V.&#8220; als Signal f\u00fcr b\u00fcrgerschaftliches und unternehmerschaftliches Engagement in Oberhausen gegr\u00fcndet. Der F\u00f6rderverein will durch Mitgliedsbeitr\u00e4ge und das Einwerben von Geld- und Sachspenden sowie F\u00f6rdermitteln Dritter zum Erhalt, zur F\u00f6rderung und zur Weiterentwicklung des Tiergeheges beitragen.<\/p>\n<p>Konkret hilft er beim Bau oder bei der Erneuerung von Tierh\u00e4usern und Gehegen, bei der Beschaffung von Tieren oder durch Unterst\u00fctzung der naturkundlich-p\u00e4dagogischen Arbeit. Zu den ersten Projekten des F\u00f6rdervereins z\u00e4hlten die Anlage eines neuen Waschb\u00e4rengeheges neben der Storchenwiese, der Neubau einer Nageranlage und die Anschaffung zweier Ponys, mit denen das Angebot f\u00fcr Kindergeburtstage und themenbezogenen F\u00fchrungen erweitert werden konnte. Der F\u00f6rderverein bietet Ferienangebote f\u00fcr Schulkinder an und war bei der Planung, Finanzierung und Realisierung der neuen NaturErlebnisSchule im Kaisergarten intensiv beteiligt.<\/p>\n<p>Inzwischen z\u00e4hlen die &#8222;Freunde des Tiergehege im Kaisergarten e.V.&#8220; weit \u00fcber 200 Mitglieder sowie viele Unterst\u00fctzer aus der \u00f6rtlichen Wirtschaft.<\/p>\n<p><strong>Kontakt:<\/strong><\/p>\n<pre>F\u00f6rderverein Freunde des Tiergehege im Kaisergarten e.V.\r\nAm Kaisergarten 30\r\n46049 Oberhausen\r\nTel. 0208 377 0612 (B\u00fcro Tiergehege)<\/pre>\n<pre>&#x66;&#x6f;&#x65;&#x72;&#100;&#101;&#114;ve&#x72;&#x65;&#x69;&#x6e;&#x2d;&#107;&#97;&#105;se&#x72;&#x67;&#x61;&#x72;&#x74;&#101;&#110;&#64;we&#x62;&#x2e;&#x64;&#x65;\r\nBankverbindung:\r\nIBAN DE34 3655 0000 0000 1430 08\r\nBIC WELADED1OBH<\/pre>\n","protected":false},"excerpt":{"rendered":"<p>I\u00dft der Papst katholisch?<\/p>\n <a class=\"more-link\" href=\"https:\/\/www.tiergehege-kaisergarten.de\/tg\/unterstuetzen\/foerderverein\/\"><span class=\"more-msg\">Weiterlesen &rarr;<\/span><\/a>","protected":false},"author":2,"featured_media":979,"parent":29,"menu_order":60,"comment_status":"closed","ping_status":"closed","template":"","meta":{"footnotes":""},"class_list":["post-10","page","type-page","status-publish","has-post-thumbnail","hentry"],"_links":{"self":[{"href":"https:\/\/www.tiergehege-kaisergarten.de\/tg\/wp-json\/wp\/v2\/pages\/10","targetHints":{"allow":["GET"]}}],"collection":[{"href":"https:\/\/www.tiergehege-kaisergarten.de\/tg\/wp-json\/wp\/v2\/pages"}],"about":[{"href":"https:\/\/www.tiergehege-kaisergarten.de\/tg\/wp-json\/wp\/v2\/types\/page"}],"author":[{"embeddable":true,"href":"https:\/\/www.tiergehege-kaisergarten.de\/tg\/wp-json\/wp\/v2\/users\/2"}],"replies":[{"embeddable":true,"href":"https:\/\/www.tiergehege-kaisergarten.de\/tg\/wp-json\/wp\/v2\/comments?post=10"}],"version-history":[{"count":6,"href":"https:\/\/www.tiergehege-kaisergarten.de\/tg\/wp-json\/wp\/v2\/pages\/10\/revisions"}],"predecessor-version":[{"id":6415,"href":"https:\/\/www.tiergehege-kaisergarten.de\/tg\/wp-json\/wp\/v2\/pages\/10\/revisions\/6415"}],"up":[{"embeddable":true,"href":"https:\/\/www.tiergehege-kaisergarten.de\/tg\/wp-json\/wp\/v2\/pages\/29"}],"wp:featuredmedia":[{"embeddable":true,"href":"https:\/\/www.tiergehege-kaisergarten.de\/tg\/wp-json\/wp\/v2\/media\/979"}],"wp:attachment":[{"href":"https:\/\/www.tiergehege-kaisergarten.de\/tg\/wp-json\/wp\/v2\/media?parent=10"}],"curies":[{"name":"wp","href":"https:\/\/api.w.org\/{rel}","templated":true}]}}